{"id":4215,"date":"2024-11-27T08:39:43","date_gmt":"2024-11-27T08:39:43","guid":{"rendered":"https:\/\/sinotechluton.com\/?page_id=4215"},"modified":"2025-03-07T07:43:38","modified_gmt":"2025-03-07T07:43:38","slug":"sinotech-luton-solucion-para-diferentes-proyectos","status":"publish","type":"page","link":"http:\/\/sinotechluton.com\/es\/sinotech-luton-solucion-para-diferentes-proyectos\/","title":{"rendered":"SinoTech agrupa soluciones para distintos proyectos"},"content":{"rendered":"<div class=\"gb-container gb-container-e7ed63de\">\n<div class=\"gb-container gb-container-9fec67bb\">\n\n<p>SinoTech Groups ofrece soluciones innovadoras adaptadas a las diversas necesidades de los proyectos de construcci\u00f3n e ingenier\u00eda. Con un fuerte \u00e9nfasis en la eficiencia, la seguridad y el avance tecnol\u00f3gico, SinoTech Groups proporciona una gama de servicios y maquinaria adecuados para diferentes tipos de proyectos.\u00a0<\/p>\n\n\n\n<p>Tanto si es contratista como si busca una m\u00e1quina para uso residencial o civil, aqu\u00ed siempre encontrar\u00e1 la mejor soluci\u00f3n combinada. D\u00edganos cu\u00e1les son sus necesidades o los requisitos b\u00e1sicos de su proyecto y nuestro equipo le ofrecer\u00e1 asesoramiento profesional.<\/p>\n\n<\/div>\n<\/div>\n\n<div class=\"gb-container gb-container-c00ac0f5\">\n<div class=\"gb-container gb-container-5405ad0e\">\n\n<h2 class=\"gb-headline gb-headline-7421b8d6 gb-headline-text\">\u00bfPor qu\u00e9 elegirnos? <\/h2>\n\n\n\n<figure class=\"gb-block-image gb-block-image-39acce0e\"><img loading=\"lazy\" decoding=\"async\" width=\"1920\" height=\"861\" class=\"gb-image gb-image-39acce0e\" src=\"https:\/\/sinotechluton.com\/wp-content\/uploads\/2025\/01\/why-choose-sinotech-luton.png\" alt=\"\" title=\"por qu\u00e9 elegir sinotech luton\" srcset=\"http:\/\/sinotechluton.com\/wp-content\/uploads\/2025\/01\/why-choose-sinotech-luton.png 1920w, http:\/\/sinotechluton.com\/wp-content\/uploads\/2025\/01\/why-choose-sinotech-luton-300x135.png 300w, http:\/\/sinotechluton.com\/wp-content\/uploads\/2025\/01\/why-choose-sinotech-luton-1024x459.png 1024w, http:\/\/sinotechluton.com\/wp-content\/uploads\/2025\/01\/why-choose-sinotech-luton-768x344.png 768w, http:\/\/sinotechluton.com\/wp-content\/uploads\/2025\/01\/why-choose-sinotech-luton-1536x689.png 1536w\" sizes=\"auto, (max-width: 1920px) 100vw, 1920px\" \/><\/figure>\n\n\n\n<h3 class=\"gb-headline gb-headline-e40a6559 gb-headline-text\">Servicio de preventa<\/h3>\n\n\n\n<p>Proporcionar a los clientes consultas y servicios t\u00e9cnicos las 24 horas del d\u00eda, responder a las preguntas de los clientes a tiempo con paciencia y explicarles con pasi\u00f3n y detalle las prestaciones y caracter\u00edsticas del producto.<\/p>\n\n\n\n<p>Proporcionar a los clientes el servicio de selecci\u00f3n antes de comprar la m\u00e1quina de acuerdo con la informaci\u00f3n pertinente ofrecida por el<br>clientes, y garantizar que el producto sea satisfactorio y funcione bien comprobando y calculando el coste de la inversi\u00f3n y la<br>retorno para los clientes.<\/p>\n\n\n\n<p>Enviar a los t\u00e9cnicos de ingenier\u00eda para que estudien y planifiquen el emplazamiento y ofrezcan un plan de construcci\u00f3n optimizado y razonable para el proyecto.<br>estaci\u00f3n.<\/p>\n\n\n\n<h3 class=\"gb-headline gb-headline-04424461 gb-headline-text\">Servicio de venta<\/h3>\n\n\n\n<p>Ayudar a formular detalladamente el esquema y el procedimiento de construcci\u00f3n, ofrecer los datos t\u00e9cnicos y guiar la construcci\u00f3n de los cimientos.<\/p>\n\n\n\n<p>Env\u00ede a los t\u00e9cnicos de ingenier\u00eda experimentados para que gu\u00eden la instalaci\u00f3n, la depuraci\u00f3n y el funcionamiento de prueba in situ hasta que el equipo pueda funcionar con normalidad.<\/p>\n\n\n\n<p>Impartir formaci\u00f3n t\u00e9cnica gratuita al personal de operaci\u00f3n y mantenimiento de los equipos para garantizar que puedan operar de forma independiente y con destreza y eliminar los fallos de mando durante el funcionamiento de los equipos.<\/p>\n\n\n\n<h3 class=\"gb-headline gb-headline-07a70f55 gb-headline-text\">Servicio posventa<\/h3>\n\n\n\n<p>Ofrecer un servicio de mantenimiento gratuito dentro del periodo de garant\u00eda para cualquier problema de calidad no artificial. Responderemos en cuanto recibamos el aviso de aver\u00eda del usuario y acudiremos a la obra en el plazo prescrito para garantizar que el equipo funcione con normalidad.<\/p>\n\n\n\n<p>Proporcionar a los clientes un excelente soporte t\u00e9cnico a largo plazo y el suministro de piezas de repuesto a precios preferentes, y garantizar que los equipos alcancen el mejor estado de funcionamiento cooperando estrechamente con los usuarios.<\/p>\n\n\n<div class=\"gb-container gb-container-6a192b25\">\n\n<a class=\"gb-button gb-button-a13a07c5 gb-button-text\" href=\"#popmake-842\">Contacto para obtener una soluci\u00f3n personalizada<\/a>\n\n<\/div>\n<\/div>\n<\/div>\n\n<div class=\"gb-container gb-container-9ed19f69\">\n<div class=\"gb-container gb-container-05eded88\">\n\n<p class=\"gb-headline gb-headline-c40033b6 gb-headline-text\">. <strong>Qu\u00e9 podemos ofrecer<\/strong><\/p>\n\n\n\n<h2 class=\"gb-headline gb-headline-2b8f951c gb-headline-text\">Rentable<br><strong>De los Grupos SinoTech <\/strong><\/h2>\n\n\n\n<h3 class=\"gb-headline gb-headline-aea0cc39 gb-headline-text\"><em>D\u00edganos qu\u00e9 necesita y le ofreceremos soluciones personalizadas.<\/em><\/h3>\n\n\n<div class=\"gb-container gb-container-8d9dcd5c\">\n\n<a class=\"gb-button gb-button-b97bf100 gb-button-text\" href=\"#popmake-955\">P\u00f3ngase en contacto con nosotros<\/a>\n\n<\/div>\n<\/div>\n<\/div>\n\n\n<p><\/p>","protected":false},"excerpt":{"rendered":"<p>SinoTech Groups offers innovative solutions tailored to meet the diverse needs of various construction and engineering projects. With a strong emphasis on efficiency, safety, and technological advancement, SinoTech Groups provides a range of services and machinery suited for different project types.\u00a0 No matter you are contractor, or just looking for a machine for residential and &#8230; <a title=\"SinoTech agrupa soluciones para distintos proyectos\" class=\"read-more\" href=\"http:\/\/sinotechluton.com\/es\/sinotech-luton-solucion-para-diferentes-proyectos\/\" aria-label=\"Leer m\u00e1s sobre SinoTech Groups Solution for Different Projects\">Seguir leyendo<\/a><\/p>","protected":false},"author":1,"featured_media":0,"parent":0,"menu_order":0,"comment_status":"closed","ping_status":"closed","template":"","meta":{"footnotes":""},"class_list":["post-4215","page","type-page","status-publish"],"yoast_head":"<!-- This site is optimized with the Yoast SEO plugin v27.4 - https:\/\/yoast.com\/product\/yoast-seo-wordpress\/ -->\n<title>SinoTech Groups Solution for Different Projects<\/title>\n<meta name=\"robots\" content=\"index, follow, max-snippet:-1, max-image-preview:large, max-video-preview:-1\" \/>\n<link rel=\"canonical\" href=\"https:\/\/sinotechluton.com\/es\/sinotech-luton-solucion-para-diferentes-proyectos\/\" \/>\n<meta property=\"og:locale\" content=\"es_MX\" \/>\n<meta property=\"og:type\" content=\"article\" \/>\n<meta property=\"og:title\" content=\"SinoTech Groups Solution for Different Projects\" \/>\n<meta property=\"og:description\" content=\"SinoTech Groups offers innovative solutions tailored to meet the diverse needs of various construction and engineering projects. With a strong emphasis on efficiency, safety, and technological advancement, SinoTech Groups provides a range of services and machinery suited for different project types.\u00a0 No matter you are contractor, or just looking for a machine for residential and ... Read more\" \/>\n<meta property=\"og:url\" content=\"https:\/\/sinotechluton.com\/es\/sinotech-luton-solucion-para-diferentes-proyectos\/\" \/>\n<meta property=\"og:site_name\" content=\"SinoTech Luton\" \/>\n<meta property=\"article:modified_time\" content=\"2025-03-07T07:43:38+00:00\" \/>\n<meta property=\"og:image\" content=\"https:\/\/sinotechluton.com\/wp-content\/uploads\/2025\/01\/why-choose-sinotech-luton.png\" \/>\n<meta name=\"twitter:card\" content=\"summary_large_image\" \/>\n<meta name=\"twitter:label1\" content=\"Tiempo de lectura\" \/>\n\t<meta name=\"twitter:data1\" content=\"2 minutos\" \/>\n<script type=\"application\/ld+json\" class=\"yoast-schema-graph\">{\"@context\":\"https:\\\/\\\/schema.org\",\"@graph\":[{\"@type\":\"WebPage\",\"@id\":\"https:\\\/\\\/sinotechluton.com\\\/ru\\\/sinotech-luton-solution-for-different-projects\\\/\",\"url\":\"https:\\\/\\\/sinotechluton.com\\\/ru\\\/sinotech-luton-solution-for-different-projects\\\/\",\"name\":\"SinoTech Groups Solution for Different Projects\",\"isPartOf\":{\"@id\":\"https:\\\/\\\/sinotechluton.com\\\/es\\\/#website\"},\"primaryImageOfPage\":{\"@id\":\"https:\\\/\\\/sinotechluton.com\\\/ru\\\/sinotech-luton-solution-for-different-projects\\\/#primaryimage\"},\"image\":{\"@id\":\"https:\\\/\\\/sinotechluton.com\\\/ru\\\/sinotech-luton-solution-for-different-projects\\\/#primaryimage\"},\"thumbnailUrl\":\"https:\\\/\\\/sinotechluton.com\\\/wp-content\\\/uploads\\\/2025\\\/01\\\/why-choose-sinotech-luton.png\",\"datePublished\":\"2024-11-27T08:39:43+00:00\",\"dateModified\":\"2025-03-07T07:43:38+00:00\",\"breadcrumb\":{\"@id\":\"https:\\\/\\\/sinotechluton.com\\\/ru\\\/sinotech-luton-solution-for-different-projects\\\/#breadcrumb\"},\"inLanguage\":\"es\",\"potentialAction\":[{\"@type\":\"ReadAction\",\"target\":[\"https:\\\/\\\/sinotechluton.com\\\/ru\\\/sinotech-luton-solution-for-different-projects\\\/\"]}]},{\"@type\":\"ImageObject\",\"inLanguage\":\"es\",\"@id\":\"https:\\\/\\\/sinotechluton.com\\\/ru\\\/sinotech-luton-solution-for-different-projects\\\/#primaryimage\",\"url\":\"https:\\\/\\\/sinotechluton.com\\\/wp-content\\\/uploads\\\/2025\\\/01\\\/why-choose-sinotech-luton.png\",\"contentUrl\":\"https:\\\/\\\/sinotechluton.com\\\/wp-content\\\/uploads\\\/2025\\\/01\\\/why-choose-sinotech-luton.png\"},{\"@type\":\"BreadcrumbList\",\"@id\":\"https:\\\/\\\/sinotechluton.com\\\/ru\\\/sinotech-luton-solution-for-different-projects\\\/#breadcrumb\",\"itemListElement\":[{\"@type\":\"ListItem\",\"position\":1,\"name\":\"Home\",\"item\":\"https:\\\/\\\/sinotechluton.com\\\/es\\\/\"},{\"@type\":\"ListItem\",\"position\":2,\"name\":\"SinoTech Groups Solution for Different Projects\"}]},{\"@type\":\"WebSite\",\"@id\":\"https:\\\/\\\/sinotechluton.com\\\/es\\\/#website\",\"url\":\"https:\\\/\\\/sinotechluton.com\\\/es\\\/\",\"name\":\"SinoTech Luton\",\"description\":\"Leading Manufacturer of All Sorts of Construction Machinery\",\"publisher\":{\"@id\":\"https:\\\/\\\/sinotechluton.com\\\/es\\\/#organization\"},\"potentialAction\":[{\"@type\":\"SearchAction\",\"target\":{\"@type\":\"EntryPoint\",\"urlTemplate\":\"https:\\\/\\\/sinotechluton.com\\\/es\\\/?s={search_term_string}\"},\"query-input\":{\"@type\":\"PropertyValueSpecification\",\"valueRequired\":true,\"valueName\":\"search_term_string\"}}],\"inLanguage\":\"es\"},{\"@type\":\"Organization\",\"@id\":\"https:\\\/\\\/sinotechluton.com\\\/es\\\/#organization\",\"name\":\"SinoTech Luton\",\"url\":\"https:\\\/\\\/sinotechluton.com\\\/es\\\/\",\"logo\":{\"@type\":\"ImageObject\",\"inLanguage\":\"es\",\"@id\":\"https:\\\/\\\/sinotechluton.com\\\/es\\\/#\\\/schema\\\/logo\\\/image\\\/\",\"url\":\"http:\\\/\\\/sinotechluton.com\\\/wp-content\\\/uploads\\\/2024\\\/03\\\/1.png\",\"contentUrl\":\"http:\\\/\\\/sinotechluton.com\\\/wp-content\\\/uploads\\\/2024\\\/03\\\/1.png\",\"width\":2029,\"height\":516,\"caption\":\"SinoTech Luton\"},\"image\":{\"@id\":\"https:\\\/\\\/sinotechluton.com\\\/es\\\/#\\\/schema\\\/logo\\\/image\\\/\"}}]}<\/script>\n<!-- \/ Yoast SEO plugin. -->","yoast_head_json":{"title":"SinoTech agrupa soluciones para distintos proyectos","robots":{"index":"index","follow":"follow","max-snippet":"max-snippet:-1","max-image-preview":"max-image-preview:large","max-video-preview":"max-video-preview:-1"},"canonical":"https:\/\/sinotechluton.com\/es\/sinotech-luton-solucion-para-diferentes-proyectos\/","og_locale":"es_MX","og_type":"article","og_title":"SinoTech Groups Solution for Different Projects","og_description":"SinoTech Groups offers innovative solutions tailored to meet the diverse needs of various construction and engineering projects. With a strong emphasis on efficiency, safety, and technological advancement, SinoTech Groups provides a range of services and machinery suited for different project types.\u00a0 No matter you are contractor, or just looking for a machine for residential and ... Read more","og_url":"https:\/\/sinotechluton.com\/es\/sinotech-luton-solucion-para-diferentes-proyectos\/","og_site_name":"SinoTech Luton","article_modified_time":"2025-03-07T07:43:38+00:00","og_image":[{"url":"https:\/\/sinotechluton.com\/wp-content\/uploads\/2025\/01\/why-choose-sinotech-luton.png","type":"","width":"","height":""}],"twitter_card":"summary_large_image","twitter_misc":{"Tiempo de lectura":"2 minutos"},"schema":{"@context":"https:\/\/schema.org","@graph":[{"@type":"WebPage","@id":"https:\/\/sinotechluton.com\/ru\/sinotech-luton-solution-for-different-projects\/","url":"https:\/\/sinotechluton.com\/ru\/sinotech-luton-solution-for-different-projects\/","name":"SinoTech agrupa soluciones para distintos proyectos","isPartOf":{"@id":"https:\/\/sinotechluton.com\/es\/#website"},"primaryImageOfPage":{"@id":"https:\/\/sinotechluton.com\/ru\/sinotech-luton-solution-for-different-projects\/#primaryimage"},"image":{"@id":"https:\/\/sinotechluton.com\/ru\/sinotech-luton-solution-for-different-projects\/#primaryimage"},"thumbnailUrl":"https:\/\/sinotechluton.com\/wp-content\/uploads\/2025\/01\/why-choose-sinotech-luton.png","datePublished":"2024-11-27T08:39:43+00:00","dateModified":"2025-03-07T07:43:38+00:00","breadcrumb":{"@id":"https:\/\/sinotechluton.com\/ru\/sinotech-luton-solution-for-different-projects\/#breadcrumb"},"inLanguage":"es","potentialAction":[{"@type":"ReadAction","target":["https:\/\/sinotechluton.com\/ru\/sinotech-luton-solution-for-different-projects\/"]}]},{"@type":"ImageObject","inLanguage":"es","@id":"https:\/\/sinotechluton.com\/ru\/sinotech-luton-solution-for-different-projects\/#primaryimage","url":"https:\/\/sinotechluton.com\/wp-content\/uploads\/2025\/01\/why-choose-sinotech-luton.png","contentUrl":"https:\/\/sinotechluton.com\/wp-content\/uploads\/2025\/01\/why-choose-sinotech-luton.png"},{"@type":"BreadcrumbList","@id":"https:\/\/sinotechluton.com\/ru\/sinotech-luton-solution-for-different-projects\/#breadcrumb","itemListElement":[{"@type":"ListItem","position":1,"name":"Home","item":"https:\/\/sinotechluton.com\/es\/"},{"@type":"ListItem","position":2,"name":"SinoTech Groups Solution for Different Projects"}]},{"@type":"WebSite","@id":"https:\/\/sinotechluton.com\/es\/#website","url":"https:\/\/sinotechluton.com\/es\/","name":"SinoTech Luton","description":"Fabricante l\u00edder de todo tipo de maquinaria de construcci\u00f3n","publisher":{"@id":"https:\/\/sinotechluton.com\/es\/#organization"},"potentialAction":[{"@type":"SearchAction","target":{"@type":"EntryPoint","urlTemplate":"https:\/\/sinotechluton.com\/es\/?s={search_term_string}"},"query-input":{"@type":"PropertyValueSpecification","valueRequired":true,"valueName":"search_term_string"}}],"inLanguage":"es"},{"@type":"Organization","@id":"https:\/\/sinotechluton.com\/es\/#organization","name":"SinoTech Luton","url":"https:\/\/sinotechluton.com\/es\/","logo":{"@type":"ImageObject","inLanguage":"es","@id":"https:\/\/sinotechluton.com\/es\/#\/schema\/logo\/image\/","url":"http:\/\/sinotechluton.com\/wp-content\/uploads\/2024\/03\/1.png","contentUrl":"http:\/\/sinotechluton.com\/wp-content\/uploads\/2024\/03\/1.png","width":2029,"height":516,"caption":"SinoTech Luton"},"image":{"@id":"https:\/\/sinotechluton.com\/es\/#\/schema\/logo\/image\/"}}]}},"_links":{"self":[{"href":"http:\/\/sinotechluton.com\/es\/wp-json\/wp\/v2\/pages\/4215","targetHints":{"allow":["GET"]}}],"collection":[{"href":"http:\/\/sinotechluton.com\/es\/wp-json\/wp\/v2\/pages"}],"about":[{"href":"http:\/\/sinotechluton.com\/es\/wp-json\/wp\/v2\/types\/page"}],"author":[{"embeddable":true,"href":"http:\/\/sinotechluton.com\/es\/wp-json\/wp\/v2\/users\/1"}],"replies":[{"embeddable":true,"href":"http:\/\/sinotechluton.com\/es\/wp-json\/wp\/v2\/comments?post=4215"}],"version-history":[{"count":4,"href":"http:\/\/sinotechluton.com\/es\/wp-json\/wp\/v2\/pages\/4215\/revisions"}],"predecessor-version":[{"id":5124,"href":"http:\/\/sinotechluton.com\/es\/wp-json\/wp\/v2\/pages\/4215\/revisions\/5124"}],"wp:attachment":[{"href":"http:\/\/sinotechluton.com\/es\/wp-json\/wp\/v2\/media?parent=4215"}],"curies":[{"name":"wp","href":"https:\/\/api.w.org\/{rel}","templated":true}]}}