{"id":5194,"date":"2025-03-13T03:18:52","date_gmt":"2025-03-13T03:18:52","guid":{"rendered":"https:\/\/sinotechluton.com\/?page_id=5194"},"modified":"2025-09-28T08:15:02","modified_gmt":"2025-09-28T08:15:02","slug":"sucursal-en-tanzania","status":"publish","type":"page","link":"https:\/\/sinotechluton.com\/es\/sucursal-en-tanzania\/","title":{"rendered":"Sucursal en Tanzania"},"content":{"rendered":"<div class=\"gb-container gb-container-5b01f12d\">\n<div class=\"gb-container gb-container-ec3353db\">\n\n<figure class=\"gb-block-image gb-block-image-f94649db\"><img loading=\"lazy\" decoding=\"async\" width=\"1200\" height=\"800\" class=\"gb-image gb-image-f94649db\" src=\"https:\/\/sinotechluton.com\/wp-content\/uploads\/2025\/03\/stltg-in-tanzania.jpg\" alt=\"\" title=\"stltg-en-tanzania\" srcset=\"https:\/\/sinotechluton.com\/wp-content\/uploads\/2025\/03\/stltg-in-tanzania.jpg 1200w, https:\/\/sinotechluton.com\/wp-content\/uploads\/2025\/03\/stltg-in-tanzania-300x200.jpg 300w, https:\/\/sinotechluton.com\/wp-content\/uploads\/2025\/03\/stltg-in-tanzania-1024x683.jpg 1024w, https:\/\/sinotechluton.com\/wp-content\/uploads\/2025\/03\/stltg-in-tanzania-768x512.jpg 768w, https:\/\/sinotechluton.com\/wp-content\/uploads\/2025\/03\/stltg-in-tanzania-18x12.jpg 18w\" sizes=\"auto, (max-width: 1200px) 100vw, 1200px\" \/><\/figure>\n\n\n\n<h3 class=\"gb-headline gb-headline-00e90cdd gb-headline-text\"><strong>Ya est\u00e1 abierta la sucursal de Tanzania<\/strong><\/h3>\n\n\n\n<p>A medida que Tanzania acelera el desarrollo de sus infraestructuras con proyectos como el ferrocarril de ancho est\u00e1ndar y la central hidroel\u00e9ctrica Julius Nyerere, resulta vital contar con socios fiables para los equipos de construcci\u00f3n. <\/p>\n\n\n\n<p>En Sinotech Groups, nos complace anunciar nuestra nueva sucursal en Dar es Salaam: su acceso directo a maquinaria de construcci\u00f3n y sistemas de hormig\u00f3n adaptados al clima, ahora con el apoyo local de nuestro equipo de ingenieros de habla swahili.<\/p>\n\n\n\n<h3 class=\"gb-headline gb-headline-34791fdb gb-headline-text\">Visite nuestra empresa  <\/h3>\n\n\n\n<p>1. <strong><em>Experiencia localizada<\/em><\/strong><\/p>\n\n\n\n<p>Conozca a nuestro equipo de ingenieros que hablan swahili y entienden:<\/p>\n\n\n\n<ul class=\"wp-block-list\">\n<li>\u2713 Desaf\u00edos del clima tropical en el mantenimiento de equipos<\/li>\n\n\n\n<li>\u2713 Requisitos de cumplimiento de la normativa local<\/li>\n\n\n\n<li>\u2713 Recomendaciones de configuraci\u00f3n espec\u00edficas para cada terreno<\/li>\n\n\n\n<li>\u2713 Apoyar el pago de la carta de cr\u00e9dito<\/li>\n<\/ul>\n\n\n\n<p><em>2. <strong>Personalizaci\u00f3n de equipos de eficacia probada en \u00c1frica<\/strong><\/em><\/p>\n\n\n\n<p>Nuestros ingenieros especializados en ingenier\u00eda tropical har\u00e1n una demostraci\u00f3n:<\/p>\n\n\n\n<ul class=\"wp-block-list\">\n<li>\u2713 Mejoras para las excavadoras, con estabilizadores reforzados para los retos del terreno de Mufindi Highlands.<\/li>\n\n\n\n<li>\u2713 Opciones de interfaz en suajili en todos los sistemas de control de las plantas de dosificaci\u00f3n.<\/li>\n<\/ul>\n\n\n\n<p><em>3. <strong>Compuesto de demostraci\u00f3n en vivo<\/strong><\/em><\/p>\n\n\n\n<p>Pruebe los equipos configurados para las condiciones locales:<\/p>\n\n\n\n<figure class=\"gb-block-image gb-block-image-42c12b61\"><img loading=\"lazy\" decoding=\"async\" width=\"1920\" height=\"861\" class=\"gb-image gb-image-42c12b61\" src=\"https:\/\/sinotechluton.com\/wp-content\/uploads\/2024\/11\/sinotech-luton-construction-equipment-solution.jpg\" alt=\"\" title=\"sinotech-luton-solucion-equipos-de-construccion\" srcset=\"https:\/\/sinotechluton.com\/wp-content\/uploads\/2024\/11\/sinotech-luton-construction-equipment-solution.jpg 1920w, https:\/\/sinotechluton.com\/wp-content\/uploads\/2024\/11\/sinotech-luton-construction-equipment-solution-300x135.jpg 300w, https:\/\/sinotechluton.com\/wp-content\/uploads\/2024\/11\/sinotech-luton-construction-equipment-solution-1024x459.jpg 1024w, https:\/\/sinotechluton.com\/wp-content\/uploads\/2024\/11\/sinotech-luton-construction-equipment-solution-768x344.jpg 768w, https:\/\/sinotechluton.com\/wp-content\/uploads\/2024\/11\/sinotech-luton-construction-equipment-solution-1536x689.jpg 1536w\" sizes=\"auto, (max-width: 1920px) 100vw, 1920px\" \/><\/figure>\n\n\n\n<figure class=\"gb-block-image gb-block-image-b4f4e900\"><img loading=\"lazy\" decoding=\"async\" width=\"1920\" height=\"861\" class=\"gb-image gb-image-b4f4e900\" src=\"https:\/\/sinotechluton.com\/wp-content\/uploads\/2024\/11\/stltg-earthmoving-equipment-for-sale-solution.jpg\" alt=\"\" title=\"stltg-earthmoving-equipment-for-sale-solution\" srcset=\"https:\/\/sinotechluton.com\/wp-content\/uploads\/2024\/11\/stltg-earthmoving-equipment-for-sale-solution.jpg 1920w, https:\/\/sinotechluton.com\/wp-content\/uploads\/2024\/11\/stltg-earthmoving-equipment-for-sale-solution-300x135.jpg 300w, https:\/\/sinotechluton.com\/wp-content\/uploads\/2024\/11\/stltg-earthmoving-equipment-for-sale-solution-1024x459.jpg 1024w, https:\/\/sinotechluton.com\/wp-content\/uploads\/2024\/11\/stltg-earthmoving-equipment-for-sale-solution-768x344.jpg 768w, https:\/\/sinotechluton.com\/wp-content\/uploads\/2024\/11\/stltg-earthmoving-equipment-for-sale-solution-1536x689.jpg 1536w\" sizes=\"auto, (max-width: 1920px) 100vw, 1920px\" \/><\/figure>\n\n\n\n<ul class=\"wp-block-list\">\n<li>Planta de hormig\u00f3n - 120m\u00b3\/h de producci\u00f3n con compensaci\u00f3n de humedad integrada<\/li>\n\n\n\n<li>Hormigonera autocargable: capacidad de 6,5 m\u00b3\/h para mezclar \u00e1ridos y descargar hormig\u00f3n premezclado.<\/li>\n\n\n\n<li>\u2713 Cargadora de ruedas - gran capacidad de cuchara optimizada para \u00e1ridos de granito para obras mineras.<\/li>\n\n\n\n<li>\u2713 Carretilla elevadora todoterreno: capacidad de carga de hasta 10 toneladas con 16 implementos para uso en agricultura y construcci\u00f3n.<\/li>\n\n\n\n<li>\u2713 Bomba de hormig\u00f3n: transporte de hormig\u00f3n a edificios de gran altura con tuber\u00edas.<\/li>\n\n\n\n<li>\u2713 <strong>Amplia gama de equipos pesados de construcci\u00f3n y equipos de trituraci\u00f3n de minerales <\/strong>para sus necesidades<\/li>\n<\/ul>\n\n\n\n<h3 class=\"gb-headline gb-headline-85659216 gb-headline-text\">\u00daltima historia de \u00e9xito: Planta de asfalto de la serie LB<\/h3>\n\n\n\n<figure class=\"gb-block-image gb-block-image-40cf46c0\"><img loading=\"lazy\" decoding=\"async\" width=\"1200\" height=\"628\" class=\"gb-image gb-image-40cf46c0\" src=\"https:\/\/sinotechluton.com\/wp-content\/uploads\/2025\/03\/asphlat-plant-in-tanzania.jpg\" alt=\"\" title=\"asphlat-plant-in-tanzania\" srcset=\"https:\/\/sinotechluton.com\/wp-content\/uploads\/2025\/03\/asphlat-plant-in-tanzania.jpg 1200w, https:\/\/sinotechluton.com\/wp-content\/uploads\/2025\/03\/asphlat-plant-in-tanzania-300x157.jpg 300w, https:\/\/sinotechluton.com\/wp-content\/uploads\/2025\/03\/asphlat-plant-in-tanzania-1024x536.jpg 1024w, https:\/\/sinotechluton.com\/wp-content\/uploads\/2025\/03\/asphlat-plant-in-tanzania-768x402.jpg 768w, https:\/\/sinotechluton.com\/wp-content\/uploads\/2025\/03\/asphlat-plant-in-tanzania-18x9.jpg 18w\" sizes=\"auto, (max-width: 1200px) 100vw, 1200px\" \/><\/figure>\n\n\n\n<p>Como parte de nuestro compromiso con el crecimiento de las infraestructuras de Tanzania, nos enorgullece destacar nuestra estaci\u00f3n de asfalto estacionaria, recientemente puesta en servicio, que apoya el proyecto de mejora de las carreteras de la ciudad de Tanzania.<\/p>\n\n\n\n<ul class=\"wp-block-list\">\n<li>Logrado&nbsp;<strong>17% m\u00e1s r\u00e1pido<\/strong>&nbsp;pavimentaci\u00f3n frente a plantas convencionales<\/li>\n\n\n\n<li>\u2713 Cumplimiento de las emisiones del 98% durante los cortes de energ\u00eda de TANESCO.<\/li>\n\n\n\n<li>\u2713 Sistema dedicado de captaci\u00f3n de polvo que cumple las normas NEMC.<\/li>\n<\/ul>\n\n\n\n<h3 class=\"gb-headline gb-headline-8b4db6f5 gb-headline-text\"><strong>Conozca al equipo de ventas y asistencia<\/strong><\/h3>\n\n\n\n<p>En el coraz\u00f3n de nuestras operaciones en Dar es Salaam late un equipo forjado en las obras m\u00e1s duras de \u00c1frica. No s\u00f3lo vendemos m\u00e1quinas: transferimos la precisi\u00f3n de la ingenier\u00eda a trav\u00e9s de manos tanzanas. Ofrecemos las mejores soluciones de equipamiento, servicio preventa y posventa, y piezas de repuesto originales.<\/p>\n\n\n\n<figure class=\"gb-block-image gb-block-image-1c55ae98\"><img loading=\"lazy\" decoding=\"async\" width=\"1920\" height=\"861\" class=\"gb-image gb-image-1c55ae98\" src=\"https:\/\/sinotechluton.com\/wp-content\/uploads\/2025\/01\/why-choose-sinotech-luton.png\" alt=\"\" title=\"por qu\u00e9 elegir sinotech luton\" srcset=\"https:\/\/sinotechluton.com\/wp-content\/uploads\/2025\/01\/why-choose-sinotech-luton.png 1920w, https:\/\/sinotechluton.com\/wp-content\/uploads\/2025\/01\/why-choose-sinotech-luton-300x135.png 300w, https:\/\/sinotechluton.com\/wp-content\/uploads\/2025\/01\/why-choose-sinotech-luton-1024x459.png 1024w, https:\/\/sinotechluton.com\/wp-content\/uploads\/2025\/01\/why-choose-sinotech-luton-768x344.png 768w, https:\/\/sinotechluton.com\/wp-content\/uploads\/2025\/01\/why-choose-sinotech-luton-1536x689.png 1536w\" sizes=\"auto, (max-width: 1920px) 100vw, 1920px\" \/><\/figure>\n\n\n\n<p>1. <strong><em>Liderazgo con sabidur\u00eda probada sobre el terreno<\/em><\/strong><\/p>\n\n\n\n<ul class=\"wp-block-list\">\n<li>\u2713 Gran experiencia en el mantenimiento de equipos de miner\u00eda en 7 pa\u00edses africanos<\/li>\n\n\n\n<li>\u2713 Titular de 3 patentes en adaptaciones de sistemas hidr\u00e1ulicos tropicales.<\/li>\n\n\n\n<li>\u2713 Dominio de la terminolog\u00eda t\u00e9cnica swahili\/ingl\u00e9s.<\/li>\n<\/ul>\n\n\n\n<p>2. <strong><strong><em>Apoyo multidimensional<\/em> <\/strong><\/strong><\/p>\n\n\n\n<ul class=\"wp-block-list\">\n<li>\u2713 Respuesta de emergencia en 4 horas en Dar es Salaam\/Morogoro\/Arusha.<\/li>\n\n\n\n<li>\u2713 Listas de comprobaci\u00f3n biling\u00fces que garantizan la notificaci\u00f3n precisa de aver\u00edas en suajili-ingl\u00e9s.<\/li>\n\n\n\n<li>\u2713 An\u00e1lisis del ROI adaptado a los precios del combustible y los costes laborales de Tanzania.<\/li>\n\n\n\n<li>\u2713 Supervisi\u00f3n en tiempo real de las unidades de equipo activas en toda Tanzania.<\/li>\n<\/ul>\n\n\n\n<p>3. <strong><em>Servicio de Reuniones<\/em><\/strong><\/p>\n\n\n\n<p>Seg\u00fan la etiqueta empresarial tanzana, en todas las reuniones se ofrecer\u00e1:<\/p>\n\n\n\n<ul class=\"wp-block-list\">\n<li>\u2713 Caf\u00e9 tanzano reci\u00e9n molido in situ.<\/li>\n\n\n\n<li>\u2713 Agenda impresa (biling\u00fce ingl\u00e9s\/swahili)<\/li>\n\n\n\n<li>\u2713 Memor\u00e1ndum escrito de seguimiento tras la reuni\u00f3n.<\/li>\n<\/ul>\n\n\n\n<p>Lo prometemos:<\/p>\n\n\n\n<ul class=\"wp-block-list\">\n<li>\u2713 Todos los contratos ofrecer\u00e1n canales de consulta jur\u00eddica en suajili<\/li>\n\n\n\n<li>\u2713 Ajustar los horarios de servicio durante el Ramad\u00e1n<\/li>\n\n\n\n<li>\u2713 10% de los beneficios se invertir\u00e1n en formaci\u00f3n de t\u00e9cnicos locales<\/li>\n<\/ul>\n\n\n\n<p><strong>Mensaje de nuestra Directora Regional<\/strong>:<\/p>\n\n\n\n<blockquote class=\"wp-block-quote is-layout-flow wp-block-quote-is-layout-flow\">\n<p><em>\"Cuando ayudamos a construir el edificio civil de Argelia, lo que marc\u00f3 la diferencia no fue s\u00f3lo la variaci\u00f3n de la consistencia del hormig\u00f3n de 0,5% de nuestras plantas de hormig\u00f3n: fue tomar un macchiato con los ingenieros a las 2 de la madrugada para solucionar problemas juntos. Esa es la colaboraci\u00f3n que estamos llevando a Tanzania\".<\/em><br>-&nbsp;<strong><em>Sr. zh<\/em>ang<\/strong>Director de Operaciones para \u00c1frica Oriental<\/p>\n<\/blockquote>\n\n\n\n<h3 class=\"gb-headline gb-headline-7297ac34 gb-headline-text\"><strong>Conexi\u00f3n instant\u00e1nea<\/strong><\/h3>\n\n\n\n<p>Direcci\u00f3n: P.O. Box 71482, Mbezi Beach, Kibaki Road, Plot No.238, Dar es Salaam, Tanzania<\/p>\n\n\n\n<p>N\u00famero de tel\u00e9fono: +255756256789<\/p>\n\n\n\n<p>WhatsApp: +255756256789 <\/p>\n\n\n\n<p>Correo electr\u00f3nico:<a href=\"mailto:inquiry@sinotechgroups.com\"> inquiry@sinotechgroups.com<\/a> \/ <a href=\"mailto:sales08@sinotechgroups.com\">sales08@sinotechgroups.com<\/a><\/p>\n\n\n\n<ul class=\"wp-block-list\">\n<li>\u2713 Evaluaci\u00f3n gratuita del estado de los equipos<\/li>\n\n\n\n<li>\u2713 Invitaciones VIP a los talleres t\u00e9cnicos trimestrales<\/li>\n<\/ul>\n\n\n\n<p><em><strong>Karibu Ofisini Kwetu - Tupo Tayari Kukuza Miradi Yako<\/strong><\/em>\uff01<\/p>\n\n\n<div class=\"gb-container gb-container-60f7e28e\">\n\n<a class=\"gb-button gb-button-4bd9b741 gb-button-text\" href=\"#popmake-842\">P\u00f3ngase en contacto con nuestro equipo<\/a>\n\n<\/div>\n<\/div>\n<\/div>","protected":false},"excerpt":{"rendered":"<p>Tanzania Branch Office Now Open As Tanzania accelerates its infrastructure development with projects like the Standard Gauge Railway and Julius Nyerere Hydropower Plant, it becomes vital to have reliable construction equipment partners. At Sinotech Groups, we\u2019re excited to announce our newly licensed Dar es Salaam branch \u2013 your direct access to top-notch-engineered construction machinery and &#8230; <a title=\"Sucursal en Tanzania\" class=\"read-more\" href=\"https:\/\/sinotechluton.com\/es\/sucursal-en-tanzania\/\" aria-label=\"Leer m\u00e1s sobre Branch Office in Tanzania\">Seguir leyendo<\/a><\/p>","protected":false},"author":1,"featured_media":0,"parent":0,"menu_order":0,"comment_status":"closed","ping_status":"closed","template":"","meta":{"footnotes":""},"class_list":["post-5194","page","type-page","status-publish"],"yoast_head":"<!-- This site is optimized with the Yoast SEO plugin v27.3 - https:\/\/yoast.com\/product\/yoast-seo-wordpress\/ -->\n<title>Welcom to Visit Our Company in Tanzania<\/title>\n<meta name=\"description\" content=\"We\u2019re excited to announce our newly licensed Dar es Salaam branch \u2013 your direct access to top-notch-engineered construction machinery and climate-adaptive concrete systems, now locally supported by our Swahili-speaking engineering team.\" \/>\n<meta name=\"robots\" content=\"index, follow, max-snippet:-1, max-image-preview:large, max-video-preview:-1\" \/>\n<link rel=\"canonical\" href=\"https:\/\/sinotechluton.com\/es\/sucursal-en-tanzania\/\" \/>\n<meta property=\"og:locale\" content=\"es_MX\" \/>\n<meta property=\"og:type\" content=\"article\" \/>\n<meta property=\"og:title\" content=\"Welcom to Visit Our Company in Tanzania\" \/>\n<meta property=\"og:description\" content=\"We\u2019re excited to announce our newly licensed Dar es Salaam branch \u2013 your direct access to top-notch-engineered construction machinery and climate-adaptive concrete systems, now locally supported by our Swahili-speaking engineering team.\" \/>\n<meta property=\"og:url\" content=\"https:\/\/sinotechluton.com\/es\/sucursal-en-tanzania\/\" \/>\n<meta property=\"og:site_name\" content=\"SinoTech Luton\" \/>\n<meta property=\"article:modified_time\" content=\"2025-09-28T08:15:02+00:00\" \/>\n<meta property=\"og:image\" content=\"https:\/\/sinotechluton.com\/wp-content\/uploads\/2025\/03\/stltg-in-tanzania.jpg\" \/>\n<meta name=\"twitter:card\" content=\"summary_large_image\" \/>\n<meta name=\"twitter:label1\" content=\"Tiempo de lectura\" \/>\n\t<meta name=\"twitter:data1\" content=\"4 minutos\" \/>\n<script type=\"application\/ld+json\" class=\"yoast-schema-graph\">{\"@context\":\"https:\\\/\\\/schema.org\",\"@graph\":[{\"@type\":\"WebPage\",\"@id\":\"https:\\\/\\\/sinotechluton.com\\\/branch-office-in-tanzania\\\/\",\"url\":\"https:\\\/\\\/sinotechluton.com\\\/branch-office-in-tanzania\\\/\",\"name\":\"Welcom to Visit Our Company in Tanzania\",\"isPartOf\":{\"@id\":\"https:\\\/\\\/sinotechluton.com\\\/es\\\/#website\"},\"primaryImageOfPage\":{\"@id\":\"https:\\\/\\\/sinotechluton.com\\\/branch-office-in-tanzania\\\/#primaryimage\"},\"image\":{\"@id\":\"https:\\\/\\\/sinotechluton.com\\\/branch-office-in-tanzania\\\/#primaryimage\"},\"thumbnailUrl\":\"https:\\\/\\\/sinotechluton.com\\\/wp-content\\\/uploads\\\/2025\\\/03\\\/stltg-in-tanzania.jpg\",\"datePublished\":\"2025-03-13T03:18:52+00:00\",\"dateModified\":\"2025-09-28T08:15:02+00:00\",\"description\":\"We\u2019re excited to announce our newly licensed Dar es Salaam branch \u2013 your direct access to top-notch-engineered construction machinery and climate-adaptive concrete systems, now locally supported by our Swahili-speaking engineering team.\",\"breadcrumb\":{\"@id\":\"https:\\\/\\\/sinotechluton.com\\\/branch-office-in-tanzania\\\/#breadcrumb\"},\"inLanguage\":\"es\",\"potentialAction\":[{\"@type\":\"ReadAction\",\"target\":[\"https:\\\/\\\/sinotechluton.com\\\/branch-office-in-tanzania\\\/\"]}]},{\"@type\":\"ImageObject\",\"inLanguage\":\"es\",\"@id\":\"https:\\\/\\\/sinotechluton.com\\\/branch-office-in-tanzania\\\/#primaryimage\",\"url\":\"https:\\\/\\\/sinotechluton.com\\\/wp-content\\\/uploads\\\/2025\\\/03\\\/stltg-in-tanzania.jpg\",\"contentUrl\":\"https:\\\/\\\/sinotechluton.com\\\/wp-content\\\/uploads\\\/2025\\\/03\\\/stltg-in-tanzania.jpg\"},{\"@type\":\"BreadcrumbList\",\"@id\":\"https:\\\/\\\/sinotechluton.com\\\/branch-office-in-tanzania\\\/#breadcrumb\",\"itemListElement\":[{\"@type\":\"ListItem\",\"position\":1,\"name\":\"Home\",\"item\":\"https:\\\/\\\/sinotechluton.com\\\/es\\\/\"},{\"@type\":\"ListItem\",\"position\":2,\"name\":\"Branch Office in Tanzania\"}]},{\"@type\":\"WebSite\",\"@id\":\"https:\\\/\\\/sinotechluton.com\\\/es\\\/#website\",\"url\":\"https:\\\/\\\/sinotechluton.com\\\/es\\\/\",\"name\":\"SinoTech Luton\",\"description\":\"Leading Manufacturer of All Sorts of Construction Machinery\",\"publisher\":{\"@id\":\"https:\\\/\\\/sinotechluton.com\\\/es\\\/#organization\"},\"potentialAction\":[{\"@type\":\"SearchAction\",\"target\":{\"@type\":\"EntryPoint\",\"urlTemplate\":\"https:\\\/\\\/sinotechluton.com\\\/es\\\/?s={search_term_string}\"},\"query-input\":{\"@type\":\"PropertyValueSpecification\",\"valueRequired\":true,\"valueName\":\"search_term_string\"}}],\"inLanguage\":\"es\"},{\"@type\":\"Organization\",\"@id\":\"https:\\\/\\\/sinotechluton.com\\\/es\\\/#organization\",\"name\":\"SinoTech Luton\",\"url\":\"https:\\\/\\\/sinotechluton.com\\\/es\\\/\",\"logo\":{\"@type\":\"ImageObject\",\"inLanguage\":\"es\",\"@id\":\"https:\\\/\\\/sinotechluton.com\\\/es\\\/#\\\/schema\\\/logo\\\/image\\\/\",\"url\":\"https:\\\/\\\/sinotechluton.com\\\/wp-content\\\/uploads\\\/2024\\\/03\\\/1.png\",\"contentUrl\":\"https:\\\/\\\/sinotechluton.com\\\/wp-content\\\/uploads\\\/2024\\\/03\\\/1.png\",\"width\":2029,\"height\":516,\"caption\":\"SinoTech Luton\"},\"image\":{\"@id\":\"https:\\\/\\\/sinotechluton.com\\\/es\\\/#\\\/schema\\\/logo\\\/image\\\/\"}}]}<\/script>\n<!-- \/ Yoast SEO plugin. -->","yoast_head_json":{"title":"Le invitamos a visitar nuestra empresa en Tanzania","description":"Nos complace anunciar nuestra nueva sucursal en Dar es Salaam: su acceso directo a maquinaria de construcci\u00f3n y sistemas de hormig\u00f3n adaptados a las condiciones clim\u00e1ticas, ahora con el apoyo local de nuestro equipo de ingenieros de habla swahili.","robots":{"index":"index","follow":"follow","max-snippet":"max-snippet:-1","max-image-preview":"max-image-preview:large","max-video-preview":"max-video-preview:-1"},"canonical":"https:\/\/sinotechluton.com\/es\/sucursal-en-tanzania\/","og_locale":"es_MX","og_type":"article","og_title":"Welcom to Visit Our Company in Tanzania","og_description":"We\u2019re excited to announce our newly licensed Dar es Salaam branch \u2013 your direct access to top-notch-engineered construction machinery and climate-adaptive concrete systems, now locally supported by our Swahili-speaking engineering team.","og_url":"https:\/\/sinotechluton.com\/es\/sucursal-en-tanzania\/","og_site_name":"SinoTech Luton","article_modified_time":"2025-09-28T08:15:02+00:00","og_image":[{"url":"https:\/\/sinotechluton.com\/wp-content\/uploads\/2025\/03\/stltg-in-tanzania.jpg","type":"","width":"","height":""}],"twitter_card":"summary_large_image","twitter_misc":{"Tiempo de lectura":"4 minutos"},"schema":{"@context":"https:\/\/schema.org","@graph":[{"@type":"WebPage","@id":"https:\/\/sinotechluton.com\/branch-office-in-tanzania\/","url":"https:\/\/sinotechluton.com\/branch-office-in-tanzania\/","name":"Le invitamos a visitar nuestra empresa en Tanzania","isPartOf":{"@id":"https:\/\/sinotechluton.com\/es\/#website"},"primaryImageOfPage":{"@id":"https:\/\/sinotechluton.com\/branch-office-in-tanzania\/#primaryimage"},"image":{"@id":"https:\/\/sinotechluton.com\/branch-office-in-tanzania\/#primaryimage"},"thumbnailUrl":"https:\/\/sinotechluton.com\/wp-content\/uploads\/2025\/03\/stltg-in-tanzania.jpg","datePublished":"2025-03-13T03:18:52+00:00","dateModified":"2025-09-28T08:15:02+00:00","description":"Nos complace anunciar nuestra nueva sucursal en Dar es Salaam: su acceso directo a maquinaria de construcci\u00f3n y sistemas de hormig\u00f3n adaptados a las condiciones clim\u00e1ticas, ahora con el apoyo local de nuestro equipo de ingenieros de habla swahili.","breadcrumb":{"@id":"https:\/\/sinotechluton.com\/branch-office-in-tanzania\/#breadcrumb"},"inLanguage":"es","potentialAction":[{"@type":"ReadAction","target":["https:\/\/sinotechluton.com\/branch-office-in-tanzania\/"]}]},{"@type":"ImageObject","inLanguage":"es","@id":"https:\/\/sinotechluton.com\/branch-office-in-tanzania\/#primaryimage","url":"https:\/\/sinotechluton.com\/wp-content\/uploads\/2025\/03\/stltg-in-tanzania.jpg","contentUrl":"https:\/\/sinotechluton.com\/wp-content\/uploads\/2025\/03\/stltg-in-tanzania.jpg"},{"@type":"BreadcrumbList","@id":"https:\/\/sinotechluton.com\/branch-office-in-tanzania\/#breadcrumb","itemListElement":[{"@type":"ListItem","position":1,"name":"Home","item":"https:\/\/sinotechluton.com\/es\/"},{"@type":"ListItem","position":2,"name":"Branch Office in Tanzania"}]},{"@type":"WebSite","@id":"https:\/\/sinotechluton.com\/es\/#website","url":"https:\/\/sinotechluton.com\/es\/","name":"SinoTech Luton","description":"Fabricante l\u00edder de todo tipo de maquinaria de construcci\u00f3n","publisher":{"@id":"https:\/\/sinotechluton.com\/es\/#organization"},"potentialAction":[{"@type":"SearchAction","target":{"@type":"EntryPoint","urlTemplate":"https:\/\/sinotechluton.com\/es\/?s={search_term_string}"},"query-input":{"@type":"PropertyValueSpecification","valueRequired":true,"valueName":"search_term_string"}}],"inLanguage":"es"},{"@type":"Organization","@id":"https:\/\/sinotechluton.com\/es\/#organization","name":"SinoTech Luton","url":"https:\/\/sinotechluton.com\/es\/","logo":{"@type":"ImageObject","inLanguage":"es","@id":"https:\/\/sinotechluton.com\/es\/#\/schema\/logo\/image\/","url":"https:\/\/sinotechluton.com\/wp-content\/uploads\/2024\/03\/1.png","contentUrl":"https:\/\/sinotechluton.com\/wp-content\/uploads\/2024\/03\/1.png","width":2029,"height":516,"caption":"SinoTech Luton"},"image":{"@id":"https:\/\/sinotechluton.com\/es\/#\/schema\/logo\/image\/"}}]}},"_links":{"self":[{"href":"https:\/\/sinotechluton.com\/es\/wp-json\/wp\/v2\/pages\/5194","targetHints":{"allow":["GET"]}}],"collection":[{"href":"https:\/\/sinotechluton.com\/es\/wp-json\/wp\/v2\/pages"}],"about":[{"href":"https:\/\/sinotechluton.com\/es\/wp-json\/wp\/v2\/types\/page"}],"author":[{"embeddable":true,"href":"https:\/\/sinotechluton.com\/es\/wp-json\/wp\/v2\/users\/1"}],"replies":[{"embeddable":true,"href":"https:\/\/sinotechluton.com\/es\/wp-json\/wp\/v2\/comments?post=5194"}],"version-history":[{"count":8,"href":"https:\/\/sinotechluton.com\/es\/wp-json\/wp\/v2\/pages\/5194\/revisions"}],"predecessor-version":[{"id":5833,"href":"https:\/\/sinotechluton.com\/es\/wp-json\/wp\/v2\/pages\/5194\/revisions\/5833"}],"wp:attachment":[{"href":"https:\/\/sinotechluton.com\/es\/wp-json\/wp\/v2\/media?parent=5194"}],"curies":[{"name":"wp","href":"https:\/\/api.w.org\/{rel}","templated":true}]}}