{"id":4215,"date":"2024-11-27T08:39:43","date_gmt":"2024-11-27T08:39:43","guid":{"rendered":"https:\/\/sinotechluton.com\/?page_id=4215"},"modified":"2025-03-07T07:43:38","modified_gmt":"2025-03-07T07:43:38","slug":"sinotech-luton-solution-pour-differents-projets","status":"publish","type":"page","link":"https:\/\/sinotechluton.com\/fr\/sinotech-luton-solution-pour-differents-projets\/","title":{"rendered":"SinoTech regroupe des solutions pour diff\u00e9rents projets"},"content":{"rendered":"<div class=\"gb-container gb-container-e7ed63de\">\n<div class=\"gb-container gb-container-9fec67bb\">\n\n<p>SinoTech Groups propose des solutions innovantes adapt\u00e9es aux divers besoins des projets de construction et d'ing\u00e9nierie. En mettant l'accent sur l'efficacit\u00e9, la s\u00e9curit\u00e9 et le progr\u00e8s technologique, SinoTech Groups propose une gamme de services et de machines adapt\u00e9s \u00e0 diff\u00e9rents types de projets.\u00a0<\/p>\n\n\n\n<p>Que vous soyez entrepreneur ou simplement \u00e0 la recherche d'une machine pour un usage r\u00e9sidentiel ou civil, vous trouverez toujours ici la meilleure solution combin\u00e9e ! Faites-nous part de vos besoins ou des exigences de base de votre projet, notre \u00e9quipe vous offrira des conseils professionnels !<\/p>\n\n<\/div>\n<\/div>\n\n<div class=\"gb-container gb-container-c00ac0f5\">\n<div class=\"gb-container gb-container-5405ad0e\">\n\n<h2 class=\"gb-headline gb-headline-7421b8d6 gb-headline-text\">Pourquoi choisir les \u00c9tats-Unis ? <\/h2>\n\n\n\n<figure class=\"gb-block-image gb-block-image-39acce0e\"><img loading=\"lazy\" decoding=\"async\" width=\"1920\" height=\"861\" class=\"gb-image gb-image-39acce0e\" src=\"https:\/\/sinotechluton.com\/wp-content\/uploads\/2025\/01\/why-choose-sinotech-luton.png\" alt=\"\" title=\"pourquoi choisir sinotech luton\" srcset=\"https:\/\/sinotechluton.com\/wp-content\/uploads\/2025\/01\/why-choose-sinotech-luton.png 1920w, https:\/\/sinotechluton.com\/wp-content\/uploads\/2025\/01\/why-choose-sinotech-luton-300x135.png 300w, https:\/\/sinotechluton.com\/wp-content\/uploads\/2025\/01\/why-choose-sinotech-luton-1024x459.png 1024w, https:\/\/sinotechluton.com\/wp-content\/uploads\/2025\/01\/why-choose-sinotech-luton-768x344.png 768w, https:\/\/sinotechluton.com\/wp-content\/uploads\/2025\/01\/why-choose-sinotech-luton-1536x689.png 1536w\" sizes=\"auto, (max-width: 1920px) 100vw, 1920px\" \/><\/figure>\n\n\n\n<h3 class=\"gb-headline gb-headline-e40a6559 gb-headline-text\">Service avant-vente<\/h3>\n\n\n\n<p>Fournir aux clients des consultations et des services techniques 24 heures sur 24, r\u00e9pondre aux questions des clients en temps opportun, avec patience et passion, et leur expliquer en d\u00e9tail les performances et les caract\u00e9ristiques du produit.<\/p>\n\n\n\n<p>Fournir aux clients un service de s\u00e9lection avant l'achat de la machine en fonction des informations pertinentes fournies par l'entreprise.<br>et s'assurer que le produit est satisfaisant et fonctionne bien en v\u00e9rifiant et en calculant le co\u00fbt de l'investissement et l'investissement.<br>retour pour les clients.<\/p>\n\n\n\n<p>Envoyer des techniciens en ing\u00e9nierie pour \u00e9tudier et planifier le site et proposer un plan de construction optimis\u00e9 et raisonnable pour le projet.<br>station.<\/p>\n\n\n\n<h3 class=\"gb-headline gb-headline-04424461 gb-headline-text\">Service apr\u00e8s-vente<\/h3>\n\n\n\n<p>Aider \u00e0 formuler en d\u00e9tail le plan et la proc\u00e9dure de construction, fournir les donn\u00e9es techniques et guider la construction des fondations.<\/p>\n\n\n\n<p>Envoyer des techniciens exp\u00e9riment\u00e9s pour guider l'installation, le d\u00e9bogage et les essais sur le site jusqu'\u00e0 ce que l'\u00e9quipement puisse fonctionner normalement.<\/p>\n\n\n\n<p>Mettre en place une formation technique gratuite pour le personnel charg\u00e9 de l'exploitation et de l'entretien de l'\u00e9quipement afin de garantir qu'il puisse travailler de mani\u00e8re ind\u00e9pendante et comp\u00e9tente et \u00e9liminer les erreurs de commande lors de l'utilisation de l'\u00e9quipement.<\/p>\n\n\n\n<h3 class=\"gb-headline gb-headline-07a70f55 gb-headline-text\">Service apr\u00e8s-vente<\/h3>\n\n\n\n<p>Offrir un service d'entretien gratuit pendant la p\u00e9riode de garantie pour tout probl\u00e8me de qualit\u00e9 non artificiel. Nous r\u00e9pondrons dans les plus brefs d\u00e9lais d\u00e8s r\u00e9ception de l'avis de panne de l'utilisateur et nous nous rendrons sur le chantier dans les d\u00e9lais prescrits afin d'assurer le fonctionnement normal de l'\u00e9quipement.<\/p>\n\n\n\n<p>Fournir aux clients une excellente assistance technique \u00e0 long terme et des pi\u00e8ces de rechange \u00e0 des prix pr\u00e9f\u00e9rentiels, et veiller \u00e0 ce que l'\u00e9quipement fonctionne de mani\u00e8re optimale en coop\u00e9rant \u00e9troitement avec les utilisateurs.<\/p>\n\n\n<div class=\"gb-container gb-container-6a192b25\">\n\n<a class=\"gb-button gb-button-a13a07c5 gb-button-text\" href=\"#popmake-842\">Contact pour obtenir une solution personnalis\u00e9e<\/a>\n\n<\/div>\n<\/div>\n<\/div>\n\n<div class=\"gb-container gb-container-9ed19f69\">\n<div class=\"gb-container gb-container-05eded88\">\n\n<p class=\"gb-headline gb-headline-c40033b6 gb-headline-text\">. <strong>Que pouvons-nous fournir ?<\/strong><\/p>\n\n\n\n<h2 class=\"gb-headline gb-headline-2b8f951c gb-headline-text\">Efficacit\u00e9 des co\u00fbts<br><strong>De la part des groupes SinoTech <\/strong><\/h2>\n\n\n\n<h3 class=\"gb-headline gb-headline-aea0cc39 gb-headline-text\"><em>Faites-nous part de vos besoins, nous vous proposons des solutions personnalis\u00e9es !<\/em><\/h3>\n\n\n<div class=\"gb-container gb-container-8d9dcd5c\">\n\n<a class=\"gb-button gb-button-b97bf100 gb-button-text\" href=\"#popmake-955\">Nous contacter<\/a>\n\n<\/div>\n<\/div>\n<\/div>\n\n\n<p><\/p>","protected":false},"excerpt":{"rendered":"<p>SinoTech Groups offers innovative solutions tailored to meet the diverse needs of various construction and engineering projects. With a strong emphasis on efficiency, safety, and technological advancement, SinoTech Groups provides a range of services and machinery suited for different project types.\u00a0 No matter you are contractor, or just looking for a machine for residential and &#8230; <a title=\"SinoTech regroupe des solutions pour diff\u00e9rents projets\" class=\"read-more\" href=\"https:\/\/sinotechluton.com\/fr\/sinotech-luton-solution-pour-differents-projets\/\" aria-label=\"En savoir plus sur SinoTech Groups Solution for Different Projects\">Lire plus<\/a><\/p>","protected":false},"author":1,"featured_media":0,"parent":0,"menu_order":0,"comment_status":"closed","ping_status":"closed","template":"","meta":{"footnotes":""},"class_list":["post-4215","page","type-page","status-publish"],"yoast_head":"<!-- This site is optimized with the Yoast SEO plugin v27.3 - https:\/\/yoast.com\/product\/yoast-seo-wordpress\/ -->\n<title>SinoTech Groups Solution for Different Projects<\/title>\n<meta name=\"robots\" content=\"index, follow, max-snippet:-1, max-image-preview:large, max-video-preview:-1\" \/>\n<link rel=\"canonical\" href=\"https:\/\/sinotechluton.com\/fr\/sinotech-luton-solution-pour-differents-projets\/\" \/>\n<meta property=\"og:locale\" content=\"fr_FR\" \/>\n<meta property=\"og:type\" content=\"article\" \/>\n<meta property=\"og:title\" content=\"SinoTech Groups Solution for Different Projects\" \/>\n<meta property=\"og:description\" content=\"SinoTech Groups offers innovative solutions tailored to meet the diverse needs of various construction and engineering projects. With a strong emphasis on efficiency, safety, and technological advancement, SinoTech Groups provides a range of services and machinery suited for different project types.\u00a0 No matter you are contractor, or just looking for a machine for residential and ... Lire plus\" \/>\n<meta property=\"og:url\" content=\"https:\/\/sinotechluton.com\/fr\/sinotech-luton-solution-pour-differents-projets\/\" \/>\n<meta property=\"og:site_name\" content=\"SinoTech Luton\" \/>\n<meta property=\"article:modified_time\" content=\"2025-03-07T07:43:38+00:00\" \/>\n<meta property=\"og:image\" content=\"https:\/\/sinotechluton.com\/wp-content\/uploads\/2025\/01\/why-choose-sinotech-luton.png\" \/>\n<meta name=\"twitter:card\" content=\"summary_large_image\" \/>\n<meta name=\"twitter:label1\" content=\"Dur\u00e9e de lecture estim\u00e9e\" \/>\n\t<meta name=\"twitter:data1\" content=\"2 minutes\" \/>\n<script type=\"application\/ld+json\" class=\"yoast-schema-graph\">{\"@context\":\"https:\\\/\\\/schema.org\",\"@graph\":[{\"@type\":\"WebPage\",\"@id\":\"https:\\\/\\\/sinotechluton.com\\\/ru\\\/sinotech-luton-solution-for-different-projects\\\/\",\"url\":\"https:\\\/\\\/sinotechluton.com\\\/ru\\\/sinotech-luton-solution-for-different-projects\\\/\",\"name\":\"SinoTech Groups Solution for Different Projects\",\"isPartOf\":{\"@id\":\"https:\\\/\\\/sinotechluton.com\\\/es\\\/#website\"},\"primaryImageOfPage\":{\"@id\":\"https:\\\/\\\/sinotechluton.com\\\/ru\\\/sinotech-luton-solution-for-different-projects\\\/#primaryimage\"},\"image\":{\"@id\":\"https:\\\/\\\/sinotechluton.com\\\/ru\\\/sinotech-luton-solution-for-different-projects\\\/#primaryimage\"},\"thumbnailUrl\":\"https:\\\/\\\/sinotechluton.com\\\/wp-content\\\/uploads\\\/2025\\\/01\\\/why-choose-sinotech-luton.png\",\"datePublished\":\"2024-11-27T08:39:43+00:00\",\"dateModified\":\"2025-03-07T07:43:38+00:00\",\"breadcrumb\":{\"@id\":\"https:\\\/\\\/sinotechluton.com\\\/ru\\\/sinotech-luton-solution-for-different-projects\\\/#breadcrumb\"},\"inLanguage\":\"fr-FR\",\"potentialAction\":[{\"@type\":\"ReadAction\",\"target\":[\"https:\\\/\\\/sinotechluton.com\\\/ru\\\/sinotech-luton-solution-for-different-projects\\\/\"]}]},{\"@type\":\"ImageObject\",\"inLanguage\":\"fr-FR\",\"@id\":\"https:\\\/\\\/sinotechluton.com\\\/ru\\\/sinotech-luton-solution-for-different-projects\\\/#primaryimage\",\"url\":\"https:\\\/\\\/sinotechluton.com\\\/wp-content\\\/uploads\\\/2025\\\/01\\\/why-choose-sinotech-luton.png\",\"contentUrl\":\"https:\\\/\\\/sinotechluton.com\\\/wp-content\\\/uploads\\\/2025\\\/01\\\/why-choose-sinotech-luton.png\"},{\"@type\":\"BreadcrumbList\",\"@id\":\"https:\\\/\\\/sinotechluton.com\\\/ru\\\/sinotech-luton-solution-for-different-projects\\\/#breadcrumb\",\"itemListElement\":[{\"@type\":\"ListItem\",\"position\":1,\"name\":\"Home\",\"item\":\"https:\\\/\\\/sinotechluton.com\\\/es\\\/\"},{\"@type\":\"ListItem\",\"position\":2,\"name\":\"SinoTech Groups Solution for Different Projects\"}]},{\"@type\":\"WebSite\",\"@id\":\"https:\\\/\\\/sinotechluton.com\\\/es\\\/#website\",\"url\":\"https:\\\/\\\/sinotechluton.com\\\/es\\\/\",\"name\":\"SinoTech Luton\",\"description\":\"Leading Manufacturer of All Sorts of Construction Machinery\",\"publisher\":{\"@id\":\"https:\\\/\\\/sinotechluton.com\\\/es\\\/#organization\"},\"potentialAction\":[{\"@type\":\"SearchAction\",\"target\":{\"@type\":\"EntryPoint\",\"urlTemplate\":\"https:\\\/\\\/sinotechluton.com\\\/es\\\/?s={search_term_string}\"},\"query-input\":{\"@type\":\"PropertyValueSpecification\",\"valueRequired\":true,\"valueName\":\"search_term_string\"}}],\"inLanguage\":\"fr-FR\"},{\"@type\":\"Organization\",\"@id\":\"https:\\\/\\\/sinotechluton.com\\\/es\\\/#organization\",\"name\":\"SinoTech Luton\",\"url\":\"https:\\\/\\\/sinotechluton.com\\\/es\\\/\",\"logo\":{\"@type\":\"ImageObject\",\"inLanguage\":\"fr-FR\",\"@id\":\"https:\\\/\\\/sinotechluton.com\\\/es\\\/#\\\/schema\\\/logo\\\/image\\\/\",\"url\":\"https:\\\/\\\/sinotechluton.com\\\/wp-content\\\/uploads\\\/2024\\\/03\\\/1.png\",\"contentUrl\":\"https:\\\/\\\/sinotechluton.com\\\/wp-content\\\/uploads\\\/2024\\\/03\\\/1.png\",\"width\":2029,\"height\":516,\"caption\":\"SinoTech Luton\"},\"image\":{\"@id\":\"https:\\\/\\\/sinotechluton.com\\\/es\\\/#\\\/schema\\\/logo\\\/image\\\/\"}}]}<\/script>\n<!-- \/ Yoast SEO plugin. -->","yoast_head_json":{"title":"SinoTech regroupe des solutions pour diff\u00e9rents projets","robots":{"index":"index","follow":"follow","max-snippet":"max-snippet:-1","max-image-preview":"max-image-preview:large","max-video-preview":"max-video-preview:-1"},"canonical":"https:\/\/sinotechluton.com\/fr\/sinotech-luton-solution-pour-differents-projets\/","og_locale":"fr_FR","og_type":"article","og_title":"SinoTech Groups Solution for Different Projects","og_description":"SinoTech Groups offers innovative solutions tailored to meet the diverse needs of various construction and engineering projects. With a strong emphasis on efficiency, safety, and technological advancement, SinoTech Groups provides a range of services and machinery suited for different project types.\u00a0 No matter you are contractor, or just looking for a machine for residential and ... Lire plus","og_url":"https:\/\/sinotechluton.com\/fr\/sinotech-luton-solution-pour-differents-projets\/","og_site_name":"SinoTech Luton","article_modified_time":"2025-03-07T07:43:38+00:00","og_image":[{"url":"https:\/\/sinotechluton.com\/wp-content\/uploads\/2025\/01\/why-choose-sinotech-luton.png","type":"","width":"","height":""}],"twitter_card":"summary_large_image","twitter_misc":{"Dur\u00e9e de lecture estim\u00e9e":"2 minutes"},"schema":{"@context":"https:\/\/schema.org","@graph":[{"@type":"WebPage","@id":"https:\/\/sinotechluton.com\/ru\/sinotech-luton-solution-for-different-projects\/","url":"https:\/\/sinotechluton.com\/ru\/sinotech-luton-solution-for-different-projects\/","name":"SinoTech regroupe des solutions pour diff\u00e9rents projets","isPartOf":{"@id":"https:\/\/sinotechluton.com\/es\/#website"},"primaryImageOfPage":{"@id":"https:\/\/sinotechluton.com\/ru\/sinotech-luton-solution-for-different-projects\/#primaryimage"},"image":{"@id":"https:\/\/sinotechluton.com\/ru\/sinotech-luton-solution-for-different-projects\/#primaryimage"},"thumbnailUrl":"https:\/\/sinotechluton.com\/wp-content\/uploads\/2025\/01\/why-choose-sinotech-luton.png","datePublished":"2024-11-27T08:39:43+00:00","dateModified":"2025-03-07T07:43:38+00:00","breadcrumb":{"@id":"https:\/\/sinotechluton.com\/ru\/sinotech-luton-solution-for-different-projects\/#breadcrumb"},"inLanguage":"fr-FR","potentialAction":[{"@type":"ReadAction","target":["https:\/\/sinotechluton.com\/ru\/sinotech-luton-solution-for-different-projects\/"]}]},{"@type":"ImageObject","inLanguage":"fr-FR","@id":"https:\/\/sinotechluton.com\/ru\/sinotech-luton-solution-for-different-projects\/#primaryimage","url":"https:\/\/sinotechluton.com\/wp-content\/uploads\/2025\/01\/why-choose-sinotech-luton.png","contentUrl":"https:\/\/sinotechluton.com\/wp-content\/uploads\/2025\/01\/why-choose-sinotech-luton.png"},{"@type":"BreadcrumbList","@id":"https:\/\/sinotechluton.com\/ru\/sinotech-luton-solution-for-different-projects\/#breadcrumb","itemListElement":[{"@type":"ListItem","position":1,"name":"Home","item":"https:\/\/sinotechluton.com\/es\/"},{"@type":"ListItem","position":2,"name":"SinoTech Groups Solution for Different Projects"}]},{"@type":"WebSite","@id":"https:\/\/sinotechluton.com\/es\/#website","url":"https:\/\/sinotechluton.com\/es\/","name":"SinoTech Luton","description":"Fabricant de premier plan de toutes sortes de machines de construction","publisher":{"@id":"https:\/\/sinotechluton.com\/es\/#organization"},"potentialAction":[{"@type":"SearchAction","target":{"@type":"EntryPoint","urlTemplate":"https:\/\/sinotechluton.com\/es\/?s={search_term_string}"},"query-input":{"@type":"PropertyValueSpecification","valueRequired":true,"valueName":"search_term_string"}}],"inLanguage":"fr-FR"},{"@type":"Organization","@id":"https:\/\/sinotechluton.com\/es\/#organization","name":"SinoTech Luton","url":"https:\/\/sinotechluton.com\/es\/","logo":{"@type":"ImageObject","inLanguage":"fr-FR","@id":"https:\/\/sinotechluton.com\/es\/#\/schema\/logo\/image\/","url":"https:\/\/sinotechluton.com\/wp-content\/uploads\/2024\/03\/1.png","contentUrl":"https:\/\/sinotechluton.com\/wp-content\/uploads\/2024\/03\/1.png","width":2029,"height":516,"caption":"SinoTech Luton"},"image":{"@id":"https:\/\/sinotechluton.com\/es\/#\/schema\/logo\/image\/"}}]}},"_links":{"self":[{"href":"https:\/\/sinotechluton.com\/fr\/wp-json\/wp\/v2\/pages\/4215","targetHints":{"allow":["GET"]}}],"collection":[{"href":"https:\/\/sinotechluton.com\/fr\/wp-json\/wp\/v2\/pages"}],"about":[{"href":"https:\/\/sinotechluton.com\/fr\/wp-json\/wp\/v2\/types\/page"}],"author":[{"embeddable":true,"href":"https:\/\/sinotechluton.com\/fr\/wp-json\/wp\/v2\/users\/1"}],"replies":[{"embeddable":true,"href":"https:\/\/sinotechluton.com\/fr\/wp-json\/wp\/v2\/comments?post=4215"}],"version-history":[{"count":4,"href":"https:\/\/sinotechluton.com\/fr\/wp-json\/wp\/v2\/pages\/4215\/revisions"}],"predecessor-version":[{"id":5124,"href":"https:\/\/sinotechluton.com\/fr\/wp-json\/wp\/v2\/pages\/4215\/revisions\/5124"}],"wp:attachment":[{"href":"https:\/\/sinotechluton.com\/fr\/wp-json\/wp\/v2\/media?parent=4215"}],"curies":[{"name":"wp","href":"https:\/\/api.w.org\/{rel}","templated":true}]}}