{"id":5194,"date":"2025-03-13T03:18:52","date_gmt":"2025-03-13T03:18:52","guid":{"rendered":"https:\/\/sinotechluton.com\/?page_id=5194"},"modified":"2025-09-28T08:15:02","modified_gmt":"2025-09-28T08:15:02","slug":"succursale-en-tanzanie","status":"publish","type":"page","link":"https:\/\/sinotechluton.com\/fr\/succursale-en-tanzanie\/","title":{"rendered":"Succursale en Tanzanie"},"content":{"rendered":"<div class=\"gb-container gb-container-5b01f12d\">\n<div class=\"gb-container gb-container-ec3353db\">\n\n<figure class=\"gb-block-image gb-block-image-f94649db\"><img loading=\"lazy\" decoding=\"async\" width=\"1200\" height=\"800\" class=\"gb-image gb-image-f94649db\" src=\"https:\/\/sinotechluton.com\/wp-content\/uploads\/2025\/03\/stltg-in-tanzania.jpg\" alt=\"\" title=\"stltg-en-tanzanie\" srcset=\"https:\/\/sinotechluton.com\/wp-content\/uploads\/2025\/03\/stltg-in-tanzania.jpg 1200w, https:\/\/sinotechluton.com\/wp-content\/uploads\/2025\/03\/stltg-in-tanzania-300x200.jpg 300w, https:\/\/sinotechluton.com\/wp-content\/uploads\/2025\/03\/stltg-in-tanzania-1024x683.jpg 1024w, https:\/\/sinotechluton.com\/wp-content\/uploads\/2025\/03\/stltg-in-tanzania-768x512.jpg 768w, https:\/\/sinotechluton.com\/wp-content\/uploads\/2025\/03\/stltg-in-tanzania-18x12.jpg 18w\" sizes=\"auto, (max-width: 1200px) 100vw, 1200px\" \/><\/figure>\n\n\n\n<h3 class=\"gb-headline gb-headline-00e90cdd gb-headline-text\"><strong>Ouverture d'une succursale en Tanzanie<\/strong><\/h3>\n\n\n\n<p>Alors que la Tanzanie acc\u00e9l\u00e8re le d\u00e9veloppement de ses infrastructures avec des projets tels que le chemin de fer \u00e0 \u00e9cartement standard et la centrale hydro\u00e9lectrique Julius Nyerere, il devient vital d'avoir des partenaires fiables dans le domaine des \u00e9quipements de construction. <\/p>\n\n\n\n<p>Chez Sinotech Groups, nous sommes ravis d'annoncer la cr\u00e9ation de notre nouvelle succursale \u00e0 Dar es Salaam - votre acc\u00e8s direct \u00e0 des machines de construction et \u00e0 des syst\u00e8mes de b\u00e9ton adapt\u00e9s au climat de premi\u00e8re qualit\u00e9, d\u00e9sormais pris en charge localement par notre \u00e9quipe d'ing\u00e9nieurs parlant le swahili.<\/p>\n\n\n\n<h3 class=\"gb-headline gb-headline-34791fdb gb-headline-text\">Visitez notre entreprise  <\/h3>\n\n\n\n<p>1. <strong><em>Expertise localis\u00e9e<\/em><\/strong><\/p>\n\n\n\n<p>Rencontrez notre \u00e9quipe d'ing\u00e9nieurs parlant le swahili qui comprend :<\/p>\n\n\n\n<ul class=\"wp-block-list\">\n<li>\u2713 Les d\u00e9fis du climat tropical dans la maintenance des \u00e9quipements<\/li>\n\n\n\n<li>\u2713 Exigences locales en mati\u00e8re de conformit\u00e9 r\u00e9glementaire<\/li>\n\n\n\n<li>\u2713 Recommandations de configuration sp\u00e9cifiques au terrain<\/li>\n\n\n\n<li>Lettre d'appui au paiement du cr\u00e9dit<\/li>\n<\/ul>\n\n\n\n<p><em>2. <strong>Personnalisation de l'\u00e9quipement \u00e0 l'\u00e9preuve de l'Afrique<\/strong><\/em><\/p>\n\n\n\n<p>Nos ing\u00e9nieurs sp\u00e9cialis\u00e9s dans l'ing\u00e9nierie tropicale en feront la d\u00e9monstration :<\/p>\n\n\n\n<ul class=\"wp-block-list\">\n<li>\u2713 Modernisation des excavateurs, avec des stabilisateurs renforc\u00e9s pour les d\u00e9fis pos\u00e9s par le terrain des hauts plateaux de Mufindi<\/li>\n\n\n\n<li>\u2713 Options d'interface en langue swahili sur tous les syst\u00e8mes de contr\u00f4le des centrales \u00e0 b\u00e9ton<\/li>\n<\/ul>\n\n\n\n<p><em>3. <strong>Compos\u00e9 de d\u00e9monstration en direct<\/strong><\/em><\/p>\n\n\n\n<p>Testez les \u00e9quipements configur\u00e9s pour les conditions locales :<\/p>\n\n\n\n<figure class=\"gb-block-image gb-block-image-42c12b61\"><img loading=\"lazy\" decoding=\"async\" width=\"1920\" height=\"861\" class=\"gb-image gb-image-42c12b61\" src=\"https:\/\/sinotechluton.com\/wp-content\/uploads\/2024\/11\/sinotech-luton-construction-equipment-solution.jpg\" alt=\"\" title=\"sinotech-luton-construction-equipment-solution\" srcset=\"https:\/\/sinotechluton.com\/wp-content\/uploads\/2024\/11\/sinotech-luton-construction-equipment-solution.jpg 1920w, https:\/\/sinotechluton.com\/wp-content\/uploads\/2024\/11\/sinotech-luton-construction-equipment-solution-300x135.jpg 300w, https:\/\/sinotechluton.com\/wp-content\/uploads\/2024\/11\/sinotech-luton-construction-equipment-solution-1024x459.jpg 1024w, https:\/\/sinotechluton.com\/wp-content\/uploads\/2024\/11\/sinotech-luton-construction-equipment-solution-768x344.jpg 768w, https:\/\/sinotechluton.com\/wp-content\/uploads\/2024\/11\/sinotech-luton-construction-equipment-solution-1536x689.jpg 1536w\" sizes=\"auto, (max-width: 1920px) 100vw, 1920px\" \/><\/figure>\n\n\n\n<figure class=\"gb-block-image gb-block-image-b4f4e900\"><img loading=\"lazy\" decoding=\"async\" width=\"1920\" height=\"861\" class=\"gb-image gb-image-b4f4e900\" src=\"https:\/\/sinotechluton.com\/wp-content\/uploads\/2024\/11\/stltg-earthmoving-equipment-for-sale-solution.jpg\" alt=\"\" title=\"stltg-earthmoving-equipment-for-sale-solution\" srcset=\"https:\/\/sinotechluton.com\/wp-content\/uploads\/2024\/11\/stltg-earthmoving-equipment-for-sale-solution.jpg 1920w, https:\/\/sinotechluton.com\/wp-content\/uploads\/2024\/11\/stltg-earthmoving-equipment-for-sale-solution-300x135.jpg 300w, https:\/\/sinotechluton.com\/wp-content\/uploads\/2024\/11\/stltg-earthmoving-equipment-for-sale-solution-1024x459.jpg 1024w, https:\/\/sinotechluton.com\/wp-content\/uploads\/2024\/11\/stltg-earthmoving-equipment-for-sale-solution-768x344.jpg 768w, https:\/\/sinotechluton.com\/wp-content\/uploads\/2024\/11\/stltg-earthmoving-equipment-for-sale-solution-1536x689.jpg 1536w\" sizes=\"auto, (max-width: 1920px) 100vw, 1920px\" \/><\/figure>\n\n\n\n<ul class=\"wp-block-list\">\n<li>\u2713 Centrale \u00e0 b\u00e9ton - d\u00e9bit de 120m\u00b3\/h avec compensation d'humidit\u00e9 int\u00e9gr\u00e9e<\/li>\n\n\n\n<li>\u2713 B\u00e9tonni\u00e8re autochargeuse - capacit\u00e9 de 6,5 m\u00b3\/h pour m\u00e9langer les agr\u00e9gats et d\u00e9verser le b\u00e9ton pr\u00eat \u00e0 l'emploi<\/li>\n\n\n\n<li>\u2713 Chargeuse sur pneus - grande capacit\u00e9 de godet optimis\u00e9e pour les agr\u00e9gats de granite sur les chantiers miniers<\/li>\n\n\n\n<li>\u2713 Chariot \u00e9l\u00e9vateur tout-terrain - capacit\u00e9 de chargement jusqu'\u00e0 10 tonnes avec 16 accessoires pour l'agriculture et la construction<\/li>\n\n\n\n<li>\u2713 Pompe \u00e0 b\u00e9ton - acheminer le b\u00e9ton vers les immeubles de grande hauteur \u00e0 l'aide de tuyaux<\/li>\n\n\n\n<li>\u2713 <strong>Large gamme d'\u00e9quipements de construction lourds et d'\u00e9quipements de broyage de minerais <\/strong>pour vos besoins<\/li>\n<\/ul>\n\n\n\n<h3 class=\"gb-headline gb-headline-85659216 gb-headline-text\">Dernier exemple de r\u00e9ussite : Centrale d'enrobage s\u00e9rie LB<\/h3>\n\n\n\n<figure class=\"gb-block-image gb-block-image-40cf46c0\"><img loading=\"lazy\" decoding=\"async\" width=\"1200\" height=\"628\" class=\"gb-image gb-image-40cf46c0\" src=\"https:\/\/sinotechluton.com\/wp-content\/uploads\/2025\/03\/asphlat-plant-in-tanzania.jpg\" alt=\"\" title=\"asphlat-plant-in-tanzania\" srcset=\"https:\/\/sinotechluton.com\/wp-content\/uploads\/2025\/03\/asphlat-plant-in-tanzania.jpg 1200w, https:\/\/sinotechluton.com\/wp-content\/uploads\/2025\/03\/asphlat-plant-in-tanzania-300x157.jpg 300w, https:\/\/sinotechluton.com\/wp-content\/uploads\/2025\/03\/asphlat-plant-in-tanzania-1024x536.jpg 1024w, https:\/\/sinotechluton.com\/wp-content\/uploads\/2025\/03\/asphlat-plant-in-tanzania-768x402.jpg 768w, https:\/\/sinotechluton.com\/wp-content\/uploads\/2025\/03\/asphlat-plant-in-tanzania-18x9.jpg 18w\" sizes=\"auto, (max-width: 1200px) 100vw, 1200px\" \/><\/figure>\n\n\n\n<p>Dans le cadre de notre engagement en faveur de la croissance des infrastructures en Tanzanie, nous sommes fiers de pr\u00e9senter notre station d'asphalte stationnaire r\u00e9cemment mise en service pour soutenir le projet de modernisation des routes de la ville de Tanzanie.<\/p>\n\n\n\n<ul class=\"wp-block-list\">\n<li>\u2713 Atteint&nbsp;<strong>17% plus rapide<\/strong>&nbsp;pavage vs. plantes conventionnelles<\/li>\n\n\n\n<li>\u2713 Conformit\u00e9 des \u00e9missions du 98% pendant les coupures de courant de TANESCO<\/li>\n\n\n\n<li>\u2713 Syst\u00e8me de d\u00e9poussi\u00e9rage d\u00e9di\u00e9 r\u00e9pondant aux normes du NEMC<\/li>\n<\/ul>\n\n\n\n<h3 class=\"gb-headline gb-headline-8b4db6f5 gb-headline-text\"><strong>Pr\u00e9sentation de l'\u00e9quipe de vente et d'assistance<\/strong><\/h3>\n\n\n\n<p>Au c\u0153ur de notre op\u00e9ration de Dar es Salaam bat une \u00e9quipe forg\u00e9e sur les chantiers les plus difficiles d'Afrique. Nous ne nous contentons pas de vendre des machines - nous transmettons la pr\u00e9cision de l'ing\u00e9nierie entre des mains tanzaniennes. Nous offrons les meilleures solutions d'\u00e9quipement, un service avant et apr\u00e8s-vente et des pi\u00e8ces de rechange d'origine.<\/p>\n\n\n\n<figure class=\"gb-block-image gb-block-image-1c55ae98\"><img loading=\"lazy\" decoding=\"async\" width=\"1920\" height=\"861\" class=\"gb-image gb-image-1c55ae98\" src=\"https:\/\/sinotechluton.com\/wp-content\/uploads\/2025\/01\/why-choose-sinotech-luton.png\" alt=\"\" title=\"pourquoi choisir sinotech luton\" srcset=\"https:\/\/sinotechluton.com\/wp-content\/uploads\/2025\/01\/why-choose-sinotech-luton.png 1920w, https:\/\/sinotechluton.com\/wp-content\/uploads\/2025\/01\/why-choose-sinotech-luton-300x135.png 300w, https:\/\/sinotechluton.com\/wp-content\/uploads\/2025\/01\/why-choose-sinotech-luton-1024x459.png 1024w, https:\/\/sinotechluton.com\/wp-content\/uploads\/2025\/01\/why-choose-sinotech-luton-768x344.png 768w, https:\/\/sinotechluton.com\/wp-content\/uploads\/2025\/01\/why-choose-sinotech-luton-1536x689.png 1536w\" sizes=\"auto, (max-width: 1920px) 100vw, 1920px\" \/><\/figure>\n\n\n\n<p>1. <strong><em>Leadership avec une sagesse \u00e9prouv\u00e9e sur le terrain<\/em><\/strong><\/p>\n\n\n\n<ul class=\"wp-block-list\">\n<li>\u2713 Riche exp\u00e9rience de la maintenance d'\u00e9quipements miniers dans 7 pays africains<\/li>\n\n\n\n<li>\u2713 Titulaire de 3 brevets dans le domaine de l'adaptation des syst\u00e8mes hydrauliques tropicaux<\/li>\n\n\n\n<li>\u2713 Ma\u00eetrise de la terminologie technique en swahili\/anglais<\/li>\n<\/ul>\n\n\n\n<p>2. <strong><strong><em>Soutien multidimensionnel<\/em> <\/strong><\/strong><\/p>\n\n\n\n<ul class=\"wp-block-list\">\n<li>R\u00e9ponse d'urgence en 4 heures \u00e0 Dar es Salaam\/Morogoro\/Arusha<\/li>\n\n\n\n<li>\u2713 Listes de contr\u00f4le bilingues garantissant un signalement pr\u00e9cis des d\u00e9fauts en swahili et en anglais<\/li>\n\n\n\n<li>Analyse du retour sur investissement adapt\u00e9e aux prix des carburants et aux co\u00fbts de la main-d'\u0153uvre en Tanzanie<\/li>\n\n\n\n<li>Contr\u00f4le en temps r\u00e9el des unit\u00e9s d'\u00e9quipement actives dans toute la Tanzanie<\/li>\n<\/ul>\n\n\n\n<p>3. <strong><em>Service des r\u00e9unions<\/em><\/strong><\/p>\n\n\n\n<p>Conform\u00e9ment \u00e0 l'\u00e9tiquette tanzanienne en mati\u00e8re d'affaires, toutes les r\u00e9unions sont assorties d'un service :<\/p>\n\n\n\n<ul class=\"wp-block-list\">\n<li>\u2713 Caf\u00e9 tanzanien fra\u00eechement moulu sur place<\/li>\n\n\n\n<li>\u2713 Agenda imprim\u00e9 (bilingue anglais\/swahili)<\/li>\n\n\n\n<li>M\u00e9morandum de suivi \u00e9crit apr\u00e8s la r\u00e9union<\/li>\n<\/ul>\n\n\n\n<p>Nous le promettons :<\/p>\n\n\n\n<ul class=\"wp-block-list\">\n<li>\u2713 Tous les contrats pr\u00e9voient des canaux de consultation juridique en swahili.<\/li>\n\n\n\n<li>\u2713 Adapter les heures de service pendant le Ramadan<\/li>\n\n\n\n<li>\u2713 10% des b\u00e9n\u00e9fices seront investis dans la formation des techniciens locaux<\/li>\n<\/ul>\n\n\n\n<p><strong>Un message de notre responsable r\u00e9gional<\/strong>:<\/p>\n\n\n\n<blockquote class=\"wp-block-quote is-layout-flow wp-block-quote-is-layout-flow\">\n<p><em>\"Lorsque nous avons particip\u00e9 \u00e0 la construction du b\u00e2timent civil de l'Alg\u00e9rie, ce qui a fait la diff\u00e9rence, ce n'est pas seulement l'\u00e9cart de consistance du b\u00e9ton de 0,5% de nos centrales \u00e0 b\u00e9ton, c'est le fait de boire un macchiato avec les ing\u00e9nieurs \u00e0 2 heures du matin pour r\u00e9soudre ensemble les probl\u00e8mes. C'est ce partenariat que nous apportons \u00e0 la Tanzanie\".<\/em><br>-&nbsp;<strong><em>Monsieur zh<\/em>ang<\/strong>Directeur des op\u00e9rations pour l'Afrique de l'Est<\/p>\n<\/blockquote>\n\n\n\n<h3 class=\"gb-headline gb-headline-7297ac34 gb-headline-text\"><strong>Connexion instantan\u00e9e<\/strong><\/h3>\n\n\n\n<p>Adresse : P.O. Box 71482, Mbezi Beach, Kibaki Road, Plot No.238, Dar es Salaam, Tanzanie<\/p>\n\n\n\n<p>Num\u00e9ro de t\u00e9l\u00e9phone : +255756256789<\/p>\n\n\n\n<p>WhatsApp : +255756256789 <\/p>\n\n\n\n<p>Courriel :<a href=\"mailto:inquiry@sinotechgroups.com\"> inquiry@sinotechgroups.com<\/a> \/ <a href=\"mailto:sales08@sinotechgroups.com\">sales08@sinotechgroups.com<\/a><\/p>\n\n\n\n<ul class=\"wp-block-list\">\n<li>\u2713 \u00c9valuation gratuite de l'\u00e9tat des \u00e9quipements<\/li>\n\n\n\n<li>Invitations VIP aux ateliers techniques trimestriels<\/li>\n<\/ul>\n\n\n\n<p><em><strong>Karibu Ofisini Kwetu - Tupo Tayari Kukuza Miradi Yako<\/strong><\/em>\uff01<\/p>\n\n\n<div class=\"gb-container gb-container-60f7e28e\">\n\n<a class=\"gb-button gb-button-4bd9b741 gb-button-text\" href=\"#popmake-842\">Contactez notre \u00e9quipe d\u00e8s maintenant<\/a>\n\n<\/div>\n<\/div>\n<\/div>","protected":false},"excerpt":{"rendered":"<p>Tanzania Branch Office Now Open As Tanzania accelerates its infrastructure development with projects like the Standard Gauge Railway and Julius Nyerere Hydropower Plant, it becomes vital to have reliable construction equipment partners. At Sinotech Groups, we\u2019re excited to announce our newly licensed Dar es Salaam branch \u2013 your direct access to top-notch-engineered construction machinery and &#8230; <a title=\"Succursale en Tanzanie\" class=\"read-more\" href=\"https:\/\/sinotechluton.com\/fr\/succursale-en-tanzanie\/\" aria-label=\"En savoir plus sur Branch Office in Tanzania\">Lire plus<\/a><\/p>","protected":false},"author":1,"featured_media":0,"parent":0,"menu_order":0,"comment_status":"closed","ping_status":"closed","template":"","meta":{"footnotes":""},"class_list":["post-5194","page","type-page","status-publish"],"yoast_head":"<!-- This site is optimized with the Yoast SEO plugin v27.3 - https:\/\/yoast.com\/product\/yoast-seo-wordpress\/ -->\n<title>Welcom to Visit Our Company in Tanzania<\/title>\n<meta name=\"description\" content=\"We\u2019re excited to announce our newly licensed Dar es Salaam branch \u2013 your direct access to top-notch-engineered construction machinery and climate-adaptive concrete systems, now locally supported by our Swahili-speaking engineering team.\" \/>\n<meta name=\"robots\" content=\"index, follow, max-snippet:-1, max-image-preview:large, max-video-preview:-1\" \/>\n<link rel=\"canonical\" href=\"https:\/\/sinotechluton.com\/fr\/succursale-en-tanzanie\/\" \/>\n<meta property=\"og:locale\" content=\"fr_FR\" \/>\n<meta property=\"og:type\" content=\"article\" \/>\n<meta property=\"og:title\" content=\"Welcom to Visit Our Company in Tanzania\" \/>\n<meta property=\"og:description\" content=\"We\u2019re excited to announce our newly licensed Dar es Salaam branch \u2013 your direct access to top-notch-engineered construction machinery and climate-adaptive concrete systems, now locally supported by our Swahili-speaking engineering team.\" \/>\n<meta property=\"og:url\" content=\"https:\/\/sinotechluton.com\/fr\/succursale-en-tanzanie\/\" \/>\n<meta property=\"og:site_name\" content=\"SinoTech Luton\" \/>\n<meta property=\"article:modified_time\" content=\"2025-09-28T08:15:02+00:00\" \/>\n<meta property=\"og:image\" content=\"https:\/\/sinotechluton.com\/wp-content\/uploads\/2025\/03\/stltg-in-tanzania.jpg\" \/>\n<meta name=\"twitter:card\" content=\"summary_large_image\" \/>\n<meta name=\"twitter:label1\" content=\"Dur\u00e9e de lecture estim\u00e9e\" \/>\n\t<meta name=\"twitter:data1\" content=\"4 minutes\" \/>\n<script type=\"application\/ld+json\" class=\"yoast-schema-graph\">{\"@context\":\"https:\\\/\\\/schema.org\",\"@graph\":[{\"@type\":\"WebPage\",\"@id\":\"https:\\\/\\\/sinotechluton.com\\\/branch-office-in-tanzania\\\/\",\"url\":\"https:\\\/\\\/sinotechluton.com\\\/branch-office-in-tanzania\\\/\",\"name\":\"Welcom to Visit Our Company in Tanzania\",\"isPartOf\":{\"@id\":\"https:\\\/\\\/sinotechluton.com\\\/es\\\/#website\"},\"primaryImageOfPage\":{\"@id\":\"https:\\\/\\\/sinotechluton.com\\\/branch-office-in-tanzania\\\/#primaryimage\"},\"image\":{\"@id\":\"https:\\\/\\\/sinotechluton.com\\\/branch-office-in-tanzania\\\/#primaryimage\"},\"thumbnailUrl\":\"https:\\\/\\\/sinotechluton.com\\\/wp-content\\\/uploads\\\/2025\\\/03\\\/stltg-in-tanzania.jpg\",\"datePublished\":\"2025-03-13T03:18:52+00:00\",\"dateModified\":\"2025-09-28T08:15:02+00:00\",\"description\":\"We\u2019re excited to announce our newly licensed Dar es Salaam branch \u2013 your direct access to top-notch-engineered construction machinery and climate-adaptive concrete systems, now locally supported by our Swahili-speaking engineering team.\",\"breadcrumb\":{\"@id\":\"https:\\\/\\\/sinotechluton.com\\\/branch-office-in-tanzania\\\/#breadcrumb\"},\"inLanguage\":\"fr-FR\",\"potentialAction\":[{\"@type\":\"ReadAction\",\"target\":[\"https:\\\/\\\/sinotechluton.com\\\/branch-office-in-tanzania\\\/\"]}]},{\"@type\":\"ImageObject\",\"inLanguage\":\"fr-FR\",\"@id\":\"https:\\\/\\\/sinotechluton.com\\\/branch-office-in-tanzania\\\/#primaryimage\",\"url\":\"https:\\\/\\\/sinotechluton.com\\\/wp-content\\\/uploads\\\/2025\\\/03\\\/stltg-in-tanzania.jpg\",\"contentUrl\":\"https:\\\/\\\/sinotechluton.com\\\/wp-content\\\/uploads\\\/2025\\\/03\\\/stltg-in-tanzania.jpg\"},{\"@type\":\"BreadcrumbList\",\"@id\":\"https:\\\/\\\/sinotechluton.com\\\/branch-office-in-tanzania\\\/#breadcrumb\",\"itemListElement\":[{\"@type\":\"ListItem\",\"position\":1,\"name\":\"Home\",\"item\":\"https:\\\/\\\/sinotechluton.com\\\/es\\\/\"},{\"@type\":\"ListItem\",\"position\":2,\"name\":\"Branch Office in Tanzania\"}]},{\"@type\":\"WebSite\",\"@id\":\"https:\\\/\\\/sinotechluton.com\\\/es\\\/#website\",\"url\":\"https:\\\/\\\/sinotechluton.com\\\/es\\\/\",\"name\":\"SinoTech Luton\",\"description\":\"Leading Manufacturer of All Sorts of Construction Machinery\",\"publisher\":{\"@id\":\"https:\\\/\\\/sinotechluton.com\\\/es\\\/#organization\"},\"potentialAction\":[{\"@type\":\"SearchAction\",\"target\":{\"@type\":\"EntryPoint\",\"urlTemplate\":\"https:\\\/\\\/sinotechluton.com\\\/es\\\/?s={search_term_string}\"},\"query-input\":{\"@type\":\"PropertyValueSpecification\",\"valueRequired\":true,\"valueName\":\"search_term_string\"}}],\"inLanguage\":\"fr-FR\"},{\"@type\":\"Organization\",\"@id\":\"https:\\\/\\\/sinotechluton.com\\\/es\\\/#organization\",\"name\":\"SinoTech Luton\",\"url\":\"https:\\\/\\\/sinotechluton.com\\\/es\\\/\",\"logo\":{\"@type\":\"ImageObject\",\"inLanguage\":\"fr-FR\",\"@id\":\"https:\\\/\\\/sinotechluton.com\\\/es\\\/#\\\/schema\\\/logo\\\/image\\\/\",\"url\":\"https:\\\/\\\/sinotechluton.com\\\/wp-content\\\/uploads\\\/2024\\\/03\\\/1.png\",\"contentUrl\":\"https:\\\/\\\/sinotechluton.com\\\/wp-content\\\/uploads\\\/2024\\\/03\\\/1.png\",\"width\":2029,\"height\":516,\"caption\":\"SinoTech Luton\"},\"image\":{\"@id\":\"https:\\\/\\\/sinotechluton.com\\\/es\\\/#\\\/schema\\\/logo\\\/image\\\/\"}}]}<\/script>\n<!-- \/ Yoast SEO plugin. -->","yoast_head_json":{"title":"Bienvenue dans notre entreprise en Tanzanie","description":"Nous sommes heureux d'annoncer la cr\u00e9ation de notre nouvelle succursale \u00e0 Dar es Salaam - votre acc\u00e8s direct \u00e0 des machines de construction et \u00e0 des syst\u00e8mes de b\u00e9ton adapt\u00e9s au climat de premi\u00e8re qualit\u00e9, d\u00e9sormais soutenus localement par notre \u00e9quipe d'ing\u00e9nieurs parlant le swahili.","robots":{"index":"index","follow":"follow","max-snippet":"max-snippet:-1","max-image-preview":"max-image-preview:large","max-video-preview":"max-video-preview:-1"},"canonical":"https:\/\/sinotechluton.com\/fr\/succursale-en-tanzanie\/","og_locale":"fr_FR","og_type":"article","og_title":"Welcom to Visit Our Company in Tanzania","og_description":"We\u2019re excited to announce our newly licensed Dar es Salaam branch \u2013 your direct access to top-notch-engineered construction machinery and climate-adaptive concrete systems, now locally supported by our Swahili-speaking engineering team.","og_url":"https:\/\/sinotechluton.com\/fr\/succursale-en-tanzanie\/","og_site_name":"SinoTech Luton","article_modified_time":"2025-09-28T08:15:02+00:00","og_image":[{"url":"https:\/\/sinotechluton.com\/wp-content\/uploads\/2025\/03\/stltg-in-tanzania.jpg","type":"","width":"","height":""}],"twitter_card":"summary_large_image","twitter_misc":{"Dur\u00e9e de lecture estim\u00e9e":"4 minutes"},"schema":{"@context":"https:\/\/schema.org","@graph":[{"@type":"WebPage","@id":"https:\/\/sinotechluton.com\/branch-office-in-tanzania\/","url":"https:\/\/sinotechluton.com\/branch-office-in-tanzania\/","name":"Bienvenue dans notre entreprise en Tanzanie","isPartOf":{"@id":"https:\/\/sinotechluton.com\/es\/#website"},"primaryImageOfPage":{"@id":"https:\/\/sinotechluton.com\/branch-office-in-tanzania\/#primaryimage"},"image":{"@id":"https:\/\/sinotechluton.com\/branch-office-in-tanzania\/#primaryimage"},"thumbnailUrl":"https:\/\/sinotechluton.com\/wp-content\/uploads\/2025\/03\/stltg-in-tanzania.jpg","datePublished":"2025-03-13T03:18:52+00:00","dateModified":"2025-09-28T08:15:02+00:00","description":"Nous sommes heureux d'annoncer la cr\u00e9ation de notre nouvelle succursale \u00e0 Dar es Salaam - votre acc\u00e8s direct \u00e0 des machines de construction et \u00e0 des syst\u00e8mes de b\u00e9ton adapt\u00e9s au climat de premi\u00e8re qualit\u00e9, d\u00e9sormais soutenus localement par notre \u00e9quipe d'ing\u00e9nieurs parlant le swahili.","breadcrumb":{"@id":"https:\/\/sinotechluton.com\/branch-office-in-tanzania\/#breadcrumb"},"inLanguage":"fr-FR","potentialAction":[{"@type":"ReadAction","target":["https:\/\/sinotechluton.com\/branch-office-in-tanzania\/"]}]},{"@type":"ImageObject","inLanguage":"fr-FR","@id":"https:\/\/sinotechluton.com\/branch-office-in-tanzania\/#primaryimage","url":"https:\/\/sinotechluton.com\/wp-content\/uploads\/2025\/03\/stltg-in-tanzania.jpg","contentUrl":"https:\/\/sinotechluton.com\/wp-content\/uploads\/2025\/03\/stltg-in-tanzania.jpg"},{"@type":"BreadcrumbList","@id":"https:\/\/sinotechluton.com\/branch-office-in-tanzania\/#breadcrumb","itemListElement":[{"@type":"ListItem","position":1,"name":"Home","item":"https:\/\/sinotechluton.com\/es\/"},{"@type":"ListItem","position":2,"name":"Branch Office in Tanzania"}]},{"@type":"WebSite","@id":"https:\/\/sinotechluton.com\/es\/#website","url":"https:\/\/sinotechluton.com\/es\/","name":"SinoTech Luton","description":"Fabricant de premier plan de toutes sortes de machines de construction","publisher":{"@id":"https:\/\/sinotechluton.com\/es\/#organization"},"potentialAction":[{"@type":"SearchAction","target":{"@type":"EntryPoint","urlTemplate":"https:\/\/sinotechluton.com\/es\/?s={search_term_string}"},"query-input":{"@type":"PropertyValueSpecification","valueRequired":true,"valueName":"search_term_string"}}],"inLanguage":"fr-FR"},{"@type":"Organization","@id":"https:\/\/sinotechluton.com\/es\/#organization","name":"SinoTech Luton","url":"https:\/\/sinotechluton.com\/es\/","logo":{"@type":"ImageObject","inLanguage":"fr-FR","@id":"https:\/\/sinotechluton.com\/es\/#\/schema\/logo\/image\/","url":"https:\/\/sinotechluton.com\/wp-content\/uploads\/2024\/03\/1.png","contentUrl":"https:\/\/sinotechluton.com\/wp-content\/uploads\/2024\/03\/1.png","width":2029,"height":516,"caption":"SinoTech Luton"},"image":{"@id":"https:\/\/sinotechluton.com\/es\/#\/schema\/logo\/image\/"}}]}},"_links":{"self":[{"href":"https:\/\/sinotechluton.com\/fr\/wp-json\/wp\/v2\/pages\/5194","targetHints":{"allow":["GET"]}}],"collection":[{"href":"https:\/\/sinotechluton.com\/fr\/wp-json\/wp\/v2\/pages"}],"about":[{"href":"https:\/\/sinotechluton.com\/fr\/wp-json\/wp\/v2\/types\/page"}],"author":[{"embeddable":true,"href":"https:\/\/sinotechluton.com\/fr\/wp-json\/wp\/v2\/users\/1"}],"replies":[{"embeddable":true,"href":"https:\/\/sinotechluton.com\/fr\/wp-json\/wp\/v2\/comments?post=5194"}],"version-history":[{"count":8,"href":"https:\/\/sinotechluton.com\/fr\/wp-json\/wp\/v2\/pages\/5194\/revisions"}],"predecessor-version":[{"id":5833,"href":"https:\/\/sinotechluton.com\/fr\/wp-json\/wp\/v2\/pages\/5194\/revisions\/5833"}],"wp:attachment":[{"href":"https:\/\/sinotechluton.com\/fr\/wp-json\/wp\/v2\/media?parent=5194"}],"curies":[{"name":"wp","href":"https:\/\/api.w.org\/{rel}","templated":true}]}}